{"id":52108,"date":"2025-08-11T12:06:59","date_gmt":"2025-08-11T10:06:59","guid":{"rendered":"https:\/\/engel-kunst.com\/auktion-objekt\/kerzenleuchter-10\/"},"modified":"2025-11-03T18:42:07","modified_gmt":"2025-11-03T17:42:07","slug":"kerzenleuchter-10","status":"publish","type":"product","link":"https:\/\/engel-kunst.com\/en\/auktion-objekt\/kerzenleuchter-10\/","title":{"rendered":"Kerzenleuchter"},"content":{"rendered":"<p>Kerzenleuchter<br \/>\nMessing br\u00fcniert. Gegliederter Schaft auf gew\u00f6lbtem Profilfu\u00df, tellerartige Traufschale, gro\u00dfer Messingdorn. H mit Dorn 31 cm.<\/p>\n","protected":false},"excerpt":{"rendered":"<p>Kerzenleuchter<br \/>\nMessing br\u00fcniert. Gegliederter Schaft auf gew\u00f6lbtem Profilfu\u00df, tellerartige Traufschale, gro\u00dfer Messingdorn. H mit Dorn 31 cm.<br \/>\n\u20ac 10<\/p>\n","protected":false},"featured_media":52109,"template":"","meta":{"_acf_changed":false,"_seopress_robots_primary_cat":"","_seopress_titles_title":"","_seopress_titles_desc":"","_seopress_robots_index":""},"product_brand":[],"product_cat":[36],"product_tag":[51],"class_list":{"0":"post-52108","1":"product","2":"type-product","3":"status-publish","4":"has-post-thumbnail","6":"auktion-versteigerung-150","7":"auktion-archiv","8":"product_cat-buntmetalle-zinn","9":"product_tag-schriftlich","10":"sales-flash-overlay","11":"woocommerce-text-align-left","12":"woocommerce-image-align-center","14":"first","15":"outofstock","16":"sold-individually","17":"purchasable","18":"product-type-simple"},"acf":[],"_links":{"self":[{"href":"https:\/\/engel-kunst.com\/en\/wp-json\/wp\/v2\/product\/52108","targetHints":{"allow":["GET"]}}],"collection":[{"href":"https:\/\/engel-kunst.com\/en\/wp-json\/wp\/v2\/product"}],"about":[{"href":"https:\/\/engel-kunst.com\/en\/wp-json\/wp\/v2\/types\/product"}],"wp:featuredmedia":[{"embeddable":true,"href":"https:\/\/engel-kunst.com\/en\/wp-json\/wp\/v2\/media\/52109"}],"wp:attachment":[{"href":"https:\/\/engel-kunst.com\/en\/wp-json\/wp\/v2\/media?parent=52108"}],"wp:term":[{"taxonomy":"product_brand","embeddable":true,"href":"https:\/\/engel-kunst.com\/en\/wp-json\/wp\/v2\/product_brand?post=52108"},{"taxonomy":"product_cat","embeddable":true,"href":"https:\/\/engel-kunst.com\/en\/wp-json\/wp\/v2\/product_cat?post=52108"},{"taxonomy":"product_tag","embeddable":true,"href":"https:\/\/engel-kunst.com\/en\/wp-json\/wp\/v2\/product_tag?post=52108"}],"curies":[{"name":"wp","href":"https:\/\/api.w.org\/{rel}","templated":true}]}}