{"id":52122,"date":"2025-08-11T12:06:59","date_gmt":"2025-08-11T10:06:59","guid":{"rendered":"https:\/\/engel-kunst.com\/auktion-objekt\/deckeldose-9\/"},"modified":"2025-11-03T18:42:10","modified_gmt":"2025-11-03T17:42:10","slug":"deckeldose-9","status":"publish","type":"product","link":"https:\/\/engel-kunst.com\/en\/auktion-objekt\/deckeldose-9\/","title":{"rendered":"Deckeldose"},"content":{"rendered":"<p>Deckeldose<br \/>\n\u00d6sterreich. Am Boden Stempel: ARTA made in Austria.  Runde, bauchige Form, gew\u00f6lbter Deckel mit Messingknauf. Messing, wei\u00df emailliert, Muster in blauem, gr\u00fcnem, schwarzem und goldenem Email. H 8,5 cm, D 10,5 cm.<\/p>\n","protected":false},"excerpt":{"rendered":"<p>Deckeldose<br \/>\n\u00d6sterreich. Am Boden Stempel: ARTA made in Austria.  Runde, bauchige Form, gew\u00f6lbter Deckel mit Messingknauf. Messing, wei\u00df emailliert, Muster in blauem, gr\u00fcnem, schwarzem und goldenem Email. H 8,5 cm, D 10,5 cm.<br \/>\n\u20ac 10<\/p>\n","protected":false},"featured_media":52123,"template":"","meta":{"_acf_changed":false,"_seopress_robots_primary_cat":"","_seopress_titles_title":"","_seopress_titles_desc":"","_seopress_robots_index":""},"product_brand":[],"product_cat":[36],"product_tag":[51],"class_list":{"0":"post-52122","1":"product","2":"type-product","3":"status-publish","4":"has-post-thumbnail","6":"auktion-versteigerung-150","7":"auktion-archiv","8":"product_cat-buntmetalle-zinn","9":"product_tag-schriftlich","10":"sales-flash-overlay","11":"woocommerce-text-align-left","12":"woocommerce-image-align-center","14":"first","15":"outofstock","16":"sold-individually","17":"purchasable","18":"product-type-simple"},"acf":[],"_links":{"self":[{"href":"https:\/\/engel-kunst.com\/en\/wp-json\/wp\/v2\/product\/52122","targetHints":{"allow":["GET"]}}],"collection":[{"href":"https:\/\/engel-kunst.com\/en\/wp-json\/wp\/v2\/product"}],"about":[{"href":"https:\/\/engel-kunst.com\/en\/wp-json\/wp\/v2\/types\/product"}],"wp:featuredmedia":[{"embeddable":true,"href":"https:\/\/engel-kunst.com\/en\/wp-json\/wp\/v2\/media\/52123"}],"wp:attachment":[{"href":"https:\/\/engel-kunst.com\/en\/wp-json\/wp\/v2\/media?parent=52122"}],"wp:term":[{"taxonomy":"product_brand","embeddable":true,"href":"https:\/\/engel-kunst.com\/en\/wp-json\/wp\/v2\/product_brand?post=52122"},{"taxonomy":"product_cat","embeddable":true,"href":"https:\/\/engel-kunst.com\/en\/wp-json\/wp\/v2\/product_cat?post=52122"},{"taxonomy":"product_tag","embeddable":true,"href":"https:\/\/engel-kunst.com\/en\/wp-json\/wp\/v2\/product_tag?post=52122"}],"curies":[{"name":"wp","href":"https:\/\/api.w.org\/{rel}","templated":true}]}}