{"id":52152,"date":"2025-08-11T12:07:19","date_gmt":"2025-08-11T10:07:19","guid":{"rendered":"https:\/\/engel-kunst.com\/auktion-objekt\/schmuckset-4\/"},"modified":"2025-11-03T18:42:17","modified_gmt":"2025-11-03T17:42:17","slug":"schmuckset-4","status":"publish","type":"product","link":"https:\/\/engel-kunst.com\/en\/auktion-objekt\/schmuckset-4\/","title":{"rendered":"Schmuckset"},"content":{"rendered":"<p>Schmuckset<br \/>\nArmreif, Ring, Anh\u00e4nger mit Kette. Silber, S\u00fc\u00dfwasserperlchen. D\u00fcnne Gliederkette mit Ring\u00f6senschlie\u00dfe 835er Silber. Entwurf und Ausf\u00fchrung: Peter Lorenz, Idar Oberstein. D Armreif ca. 6 cm, Ring D innen 16,5 mm, L Anh\u00e4nger ca. 2 cm. Zus. 25 g.<\/p>\n","protected":false},"excerpt":{"rendered":"<p>Schmuckset<br \/>\nArmreif, Ring, Anh\u00e4nger mit Kette. Silber, S\u00fc\u00dfwasserperlchen. D\u00fcnne Gliederkette mit Ring\u00f6senschlie\u00dfe 835er Silber. Entwurf und Ausf\u00fchrung: Peter Lorenz, Idar Oberstein. D Armreif ca. 6 cm, Ring D innen 16,5 mm, L Anh\u00e4nger ca. 2 cm. Zus. 25 g.<br \/>\n\u20ac 60<\/p>\n","protected":false},"featured_media":52153,"template":"","meta":{"_acf_changed":false,"_seopress_robots_primary_cat":"","_seopress_titles_title":"","_seopress_titles_desc":"","_seopress_robots_index":""},"product_brand":[],"product_cat":[37],"product_tag":[51],"class_list":{"0":"post-52152","1":"product","2":"type-product","3":"status-publish","4":"has-post-thumbnail","6":"auktion-versteigerung-150","7":"auktion-archiv","8":"product_cat-schmuck-und-pretiosen","9":"product_tag-schriftlich","10":"sales-flash-overlay","11":"woocommerce-text-align-left","12":"woocommerce-image-align-center","14":"first","15":"outofstock","16":"sold-individually","17":"purchasable","18":"product-type-simple"},"acf":[],"_links":{"self":[{"href":"https:\/\/engel-kunst.com\/en\/wp-json\/wp\/v2\/product\/52152","targetHints":{"allow":["GET"]}}],"collection":[{"href":"https:\/\/engel-kunst.com\/en\/wp-json\/wp\/v2\/product"}],"about":[{"href":"https:\/\/engel-kunst.com\/en\/wp-json\/wp\/v2\/types\/product"}],"wp:featuredmedia":[{"embeddable":true,"href":"https:\/\/engel-kunst.com\/en\/wp-json\/wp\/v2\/media\/52153"}],"wp:attachment":[{"href":"https:\/\/engel-kunst.com\/en\/wp-json\/wp\/v2\/media?parent=52152"}],"wp:term":[{"taxonomy":"product_brand","embeddable":true,"href":"https:\/\/engel-kunst.com\/en\/wp-json\/wp\/v2\/product_brand?post=52152"},{"taxonomy":"product_cat","embeddable":true,"href":"https:\/\/engel-kunst.com\/en\/wp-json\/wp\/v2\/product_cat?post=52152"},{"taxonomy":"product_tag","embeddable":true,"href":"https:\/\/engel-kunst.com\/en\/wp-json\/wp\/v2\/product_tag?post=52152"}],"curies":[{"name":"wp","href":"https:\/\/api.w.org\/{rel}","templated":true}]}}