{"id":52196,"date":"2025-08-11T12:07:40","date_gmt":"2025-08-11T10:07:40","guid":{"rendered":"https:\/\/engel-kunst.com\/auktion-objekt\/kette-mit-anhaenger-3\/"},"modified":"2025-11-03T18:42:24","modified_gmt":"2025-11-03T17:42:24","slug":"kette-mit-anhaenger-3","status":"publish","type":"product","link":"https:\/\/engel-kunst.com\/en\/auktion-objekt\/kette-mit-anhaenger-3\/","title":{"rendered":"Kette mit Anh\u00e4nger"},"content":{"rendered":"<p>Kette mit Anh\u00e4nger<br \/>\n1. H\u00e4lfte 20. Jh.. Silber. Mehrgliedriger Anh\u00e4nger mit Achaten, schwarzem Onyx und Markasiten. L ca. 5,8 cm. Jugendstilkette mit Ring\u00f6senschlie\u00dfe. Zus. 10,8 g brutto.<\/p>\n","protected":false},"excerpt":{"rendered":"<p>Kette mit Anh\u00e4nger<br \/>\n1. H\u00e4lfte 20. Jh.. Silber. Mehrgliedriger Anh\u00e4nger mit Achaten, schwarzem Onyx und Markasiten. L ca. 5,8 cm. Jugendstilkette mit Ring\u00f6senschlie\u00dfe. Zus. 10,8 g brutto.<br \/>\n\u20ac 20<\/p>\n","protected":false},"featured_media":52197,"template":"","meta":{"_acf_changed":false,"_seopress_robots_primary_cat":"","_seopress_titles_title":"","_seopress_titles_desc":"","_seopress_robots_index":""},"product_brand":[],"product_cat":[37],"product_tag":[51],"class_list":{"0":"post-52196","1":"product","2":"type-product","3":"status-publish","4":"has-post-thumbnail","6":"auktion-versteigerung-150","7":"auktion-archiv","8":"product_cat-schmuck-und-pretiosen","9":"product_tag-schriftlich","10":"sales-flash-overlay","11":"woocommerce-text-align-left","12":"woocommerce-image-align-center","14":"first","15":"outofstock","16":"sold-individually","17":"purchasable","18":"product-type-simple"},"acf":[],"_links":{"self":[{"href":"https:\/\/engel-kunst.com\/en\/wp-json\/wp\/v2\/product\/52196","targetHints":{"allow":["GET"]}}],"collection":[{"href":"https:\/\/engel-kunst.com\/en\/wp-json\/wp\/v2\/product"}],"about":[{"href":"https:\/\/engel-kunst.com\/en\/wp-json\/wp\/v2\/types\/product"}],"wp:featuredmedia":[{"embeddable":true,"href":"https:\/\/engel-kunst.com\/en\/wp-json\/wp\/v2\/media\/52197"}],"wp:attachment":[{"href":"https:\/\/engel-kunst.com\/en\/wp-json\/wp\/v2\/media?parent=52196"}],"wp:term":[{"taxonomy":"product_brand","embeddable":true,"href":"https:\/\/engel-kunst.com\/en\/wp-json\/wp\/v2\/product_brand?post=52196"},{"taxonomy":"product_cat","embeddable":true,"href":"https:\/\/engel-kunst.com\/en\/wp-json\/wp\/v2\/product_cat?post=52196"},{"taxonomy":"product_tag","embeddable":true,"href":"https:\/\/engel-kunst.com\/en\/wp-json\/wp\/v2\/product_tag?post=52196"}],"curies":[{"name":"wp","href":"https:\/\/api.w.org\/{rel}","templated":true}]}}