{"id":52232,"date":"2025-08-11T12:08:01","date_gmt":"2025-08-11T10:08:01","guid":{"rendered":"https:\/\/engel-kunst.com\/auktion-objekt\/zwei-korallenbroschen\/"},"modified":"2025-11-03T18:42:31","modified_gmt":"2025-11-03T17:42:31","slug":"zwei-korallenbroschen","status":"publish","type":"product","link":"https:\/\/engel-kunst.com\/en\/auktion-objekt\/zwei-korallenbroschen\/","title":{"rendered":"Zwei Korallenbroschen"},"content":{"rendered":"<p>Zwei Korallenbroschen<br \/>\nEine bl\u00fctenf\u00f6rmig mit vergoldeter Messingfassung (Vergoldung altersbedingt berieben), D ca. 3,8 cm, die andere hufeisenf\u00f6rmig mit Korallencabochons und Saatperlchen in Messingfassung, L 3,3 cm.<\/p>\n","protected":false},"excerpt":{"rendered":"<p>Zwei Korallenbroschen<br \/>\nEine bl\u00fctenf\u00f6rmig mit vergoldeter Messingfassung (Vergoldung altersbedingt berieben), D ca. 3,8 cm, die andere hufeisenf\u00f6rmig mit Korallencabochons und Saatperlchen in Messingfassung, L 3,3 cm.<br \/>\n\u20ac 20<\/p>\n","protected":false},"featured_media":52233,"template":"","meta":{"_acf_changed":false,"_seopress_robots_primary_cat":"","_seopress_titles_title":"","_seopress_titles_desc":"","_seopress_robots_index":""},"product_brand":[],"product_cat":[37],"product_tag":[51],"class_list":{"0":"post-52232","1":"product","2":"type-product","3":"status-publish","4":"has-post-thumbnail","6":"auktion-versteigerung-150","7":"auktion-archiv","8":"product_cat-schmuck-und-pretiosen","9":"product_tag-schriftlich","10":"sales-flash-overlay","11":"woocommerce-text-align-left","12":"woocommerce-image-align-center","14":"first","15":"outofstock","16":"sold-individually","17":"purchasable","18":"product-type-simple"},"acf":[],"_links":{"self":[{"href":"https:\/\/engel-kunst.com\/en\/wp-json\/wp\/v2\/product\/52232","targetHints":{"allow":["GET"]}}],"collection":[{"href":"https:\/\/engel-kunst.com\/en\/wp-json\/wp\/v2\/product"}],"about":[{"href":"https:\/\/engel-kunst.com\/en\/wp-json\/wp\/v2\/types\/product"}],"wp:featuredmedia":[{"embeddable":true,"href":"https:\/\/engel-kunst.com\/en\/wp-json\/wp\/v2\/media\/52233"}],"wp:attachment":[{"href":"https:\/\/engel-kunst.com\/en\/wp-json\/wp\/v2\/media?parent=52232"}],"wp:term":[{"taxonomy":"product_brand","embeddable":true,"href":"https:\/\/engel-kunst.com\/en\/wp-json\/wp\/v2\/product_brand?post=52232"},{"taxonomy":"product_cat","embeddable":true,"href":"https:\/\/engel-kunst.com\/en\/wp-json\/wp\/v2\/product_cat?post=52232"},{"taxonomy":"product_tag","embeddable":true,"href":"https:\/\/engel-kunst.com\/en\/wp-json\/wp\/v2\/product_tag?post=52232"}],"curies":[{"name":"wp","href":"https:\/\/api.w.org\/{rel}","templated":true}]}}