{"id":52262,"date":"2025-08-11T12:08:12","date_gmt":"2025-08-11T10:08:12","guid":{"rendered":"https:\/\/engel-kunst.com\/auktion-objekt\/kette-mit-anhaenger-6\/"},"modified":"2025-11-03T18:42:35","modified_gmt":"2025-11-03T17:42:35","slug":"kette-mit-anhaenger-6","status":"publish","type":"product","link":"https:\/\/engel-kunst.com\/en\/auktion-objekt\/kette-mit-anhaenger-6\/","title":{"rendered":"Kette mit Anh\u00e4nger"},"content":{"rendered":"<p>Kette mit Anh\u00e4nger<br \/>\nAnh\u00e4nger WG 14 ct mit Tansanit(?) und Brillant, ca. 0,05 ct, W, si. L ca. 1,1 cm. Venezianerkette mit Ring\u00f6senschlie\u00dfe WG 585. Zus. 3,7 g brutto.<\/p>\n","protected":false},"excerpt":{"rendered":"<p>Kette mit Anh\u00e4nger<br \/>\nAnh\u00e4nger WG 14 ct mit Tansanit(?) und Brillant, ca. 0,05 ct, W, si. L ca. 1,1 cm. Venezianerkette mit Ring\u00f6senschlie\u00dfe WG 585. Zus. 3,7 g brutto.<br \/>\n\u20ac 70<\/p>\n","protected":false},"featured_media":52263,"template":"","meta":{"_acf_changed":false,"_seopress_robots_primary_cat":"","_seopress_titles_title":"","_seopress_titles_desc":"","_seopress_robots_index":""},"product_brand":[],"product_cat":[37],"product_tag":[51],"class_list":{"0":"post-52262","1":"product","2":"type-product","3":"status-publish","4":"has-post-thumbnail","6":"auktion-versteigerung-150","7":"auktion-archiv","8":"product_cat-schmuck-und-pretiosen","9":"product_tag-schriftlich","10":"sales-flash-overlay","11":"woocommerce-text-align-left","12":"woocommerce-image-align-center","14":"first","15":"outofstock","16":"sold-individually","17":"purchasable","18":"product-type-simple"},"acf":[],"_links":{"self":[{"href":"https:\/\/engel-kunst.com\/en\/wp-json\/wp\/v2\/product\/52262","targetHints":{"allow":["GET"]}}],"collection":[{"href":"https:\/\/engel-kunst.com\/en\/wp-json\/wp\/v2\/product"}],"about":[{"href":"https:\/\/engel-kunst.com\/en\/wp-json\/wp\/v2\/types\/product"}],"wp:featuredmedia":[{"embeddable":true,"href":"https:\/\/engel-kunst.com\/en\/wp-json\/wp\/v2\/media\/52263"}],"wp:attachment":[{"href":"https:\/\/engel-kunst.com\/en\/wp-json\/wp\/v2\/media?parent=52262"}],"wp:term":[{"taxonomy":"product_brand","embeddable":true,"href":"https:\/\/engel-kunst.com\/en\/wp-json\/wp\/v2\/product_brand?post=52262"},{"taxonomy":"product_cat","embeddable":true,"href":"https:\/\/engel-kunst.com\/en\/wp-json\/wp\/v2\/product_cat?post=52262"},{"taxonomy":"product_tag","embeddable":true,"href":"https:\/\/engel-kunst.com\/en\/wp-json\/wp\/v2\/product_tag?post=52262"}],"curies":[{"name":"wp","href":"https:\/\/api.w.org\/{rel}","templated":true}]}}