{"id":52426,"date":"2025-08-11T12:09:52","date_gmt":"2025-08-11T10:09:52","guid":{"rendered":"https:\/\/engel-kunst.com\/auktion-objekt\/silberne-tuchnadel\/"},"modified":"2025-11-03T18:43:04","modified_gmt":"2025-11-03T17:43:04","slug":"silberne-tuchnadel","status":"publish","type":"product","link":"https:\/\/engel-kunst.com\/en\/auktion-objekt\/silberne-tuchnadel\/","title":{"rendered":"Silberne Tuchnadel"},"content":{"rendered":"<p>Silberne Tuchnadel<br \/>\nTrachtenschmuck, dient zum Fixieren von von T\u00fcchern und Sch\u00fcrzen. Ein Ende ist lose und l\u00e4sst sich \u00f6ffnen. L 9 cm. 4,3 g.<\/p>\n","protected":false},"excerpt":{"rendered":"<p>Silberne Tuchnadel<br \/>\nTrachtenschmuck, dient zum Fixieren von von T\u00fcchern und Sch\u00fcrzen. Ein Ende ist lose und l\u00e4sst sich \u00f6ffnen. L 9 cm. 4,3 g.<br \/>\n\u20ac 15<\/p>\n","protected":false},"featured_media":52427,"template":"","meta":{"_acf_changed":false,"_seopress_robots_primary_cat":"","_seopress_titles_title":"","_seopress_titles_desc":"","_seopress_robots_index":""},"product_brand":[],"product_cat":[37],"product_tag":[51],"class_list":{"0":"post-52426","1":"product","2":"type-product","3":"status-publish","4":"has-post-thumbnail","6":"auktion-versteigerung-150","7":"auktion-archiv","8":"product_cat-schmuck-und-pretiosen","9":"product_tag-schriftlich","10":"sales-flash-overlay","11":"woocommerce-text-align-left","12":"woocommerce-image-align-center","14":"first","15":"outofstock","16":"sold-individually","17":"purchasable","18":"product-type-simple"},"acf":[],"_links":{"self":[{"href":"https:\/\/engel-kunst.com\/en\/wp-json\/wp\/v2\/product\/52426","targetHints":{"allow":["GET"]}}],"collection":[{"href":"https:\/\/engel-kunst.com\/en\/wp-json\/wp\/v2\/product"}],"about":[{"href":"https:\/\/engel-kunst.com\/en\/wp-json\/wp\/v2\/types\/product"}],"wp:featuredmedia":[{"embeddable":true,"href":"https:\/\/engel-kunst.com\/en\/wp-json\/wp\/v2\/media\/52427"}],"wp:attachment":[{"href":"https:\/\/engel-kunst.com\/en\/wp-json\/wp\/v2\/media?parent=52426"}],"wp:term":[{"taxonomy":"product_brand","embeddable":true,"href":"https:\/\/engel-kunst.com\/en\/wp-json\/wp\/v2\/product_brand?post=52426"},{"taxonomy":"product_cat","embeddable":true,"href":"https:\/\/engel-kunst.com\/en\/wp-json\/wp\/v2\/product_cat?post=52426"},{"taxonomy":"product_tag","embeddable":true,"href":"https:\/\/engel-kunst.com\/en\/wp-json\/wp\/v2\/product_tag?post=52426"}],"curies":[{"name":"wp","href":"https:\/\/api.w.org\/{rel}","templated":true}]}}