{"id":52430,"date":"2025-08-11T12:09:52","date_gmt":"2025-08-11T10:09:52","guid":{"rendered":"https:\/\/engel-kunst.com\/auktion-objekt\/brosche-14\/"},"modified":"2025-11-03T18:43:05","modified_gmt":"2025-11-03T17:43:05","slug":"brosche-14","status":"publish","type":"product","link":"https:\/\/engel-kunst.com\/en\/auktion-objekt\/brosche-14\/","title":{"rendered":"Brosche"},"content":{"rendered":"<p>Brosche<br \/>\n835er Silber vergoldet. Ringf\u00f6rmig, 6 S\u00fc\u00dfwasserperlen, 6 Lapiskugeln. D ca. 2,7 cm. 3,8 g brutto.<\/p>\n","protected":false},"excerpt":{"rendered":"<p>Brosche<br \/>\n835er Silber vergoldet. Ringf\u00f6rmig, 6 S\u00fc\u00dfwasserperlen, 6 Lapiskugeln. D ca. 2,7 cm. 3,8 g brutto.<br \/>\n\u20ac 25<\/p>\n","protected":false},"featured_media":52431,"template":"","meta":{"_acf_changed":false,"_seopress_robots_primary_cat":"","_seopress_titles_title":"","_seopress_titles_desc":"","_seopress_robots_index":""},"product_brand":[],"product_cat":[37],"product_tag":[51],"class_list":{"0":"post-52430","1":"product","2":"type-product","3":"status-publish","4":"has-post-thumbnail","6":"auktion-versteigerung-150","7":"auktion-archiv","8":"product_cat-schmuck-und-pretiosen","9":"product_tag-schriftlich","10":"sales-flash-overlay","11":"woocommerce-text-align-left","12":"woocommerce-image-align-center","14":"first","15":"outofstock","16":"sold-individually","17":"purchasable","18":"product-type-simple"},"acf":[],"_links":{"self":[{"href":"https:\/\/engel-kunst.com\/en\/wp-json\/wp\/v2\/product\/52430","targetHints":{"allow":["GET"]}}],"collection":[{"href":"https:\/\/engel-kunst.com\/en\/wp-json\/wp\/v2\/product"}],"about":[{"href":"https:\/\/engel-kunst.com\/en\/wp-json\/wp\/v2\/types\/product"}],"wp:featuredmedia":[{"embeddable":true,"href":"https:\/\/engel-kunst.com\/en\/wp-json\/wp\/v2\/media\/52431"}],"wp:attachment":[{"href":"https:\/\/engel-kunst.com\/en\/wp-json\/wp\/v2\/media?parent=52430"}],"wp:term":[{"taxonomy":"product_brand","embeddable":true,"href":"https:\/\/engel-kunst.com\/en\/wp-json\/wp\/v2\/product_brand?post=52430"},{"taxonomy":"product_cat","embeddable":true,"href":"https:\/\/engel-kunst.com\/en\/wp-json\/wp\/v2\/product_cat?post=52430"},{"taxonomy":"product_tag","embeddable":true,"href":"https:\/\/engel-kunst.com\/en\/wp-json\/wp\/v2\/product_tag?post=52430"}],"curies":[{"name":"wp","href":"https:\/\/api.w.org\/{rel}","templated":true}]}}