{"id":52458,"date":"2025-08-11T12:10:03","date_gmt":"2025-08-11T10:10:03","guid":{"rendered":"https:\/\/engel-kunst.com\/auktion-objekt\/feines-collier\/"},"modified":"2025-11-03T18:43:09","modified_gmt":"2025-11-03T17:43:09","slug":"feines-collier","status":"publish","type":"product","link":"https:\/\/engel-kunst.com\/en\/auktion-objekt\/feines-collier\/","title":{"rendered":"Feines Collier"},"content":{"rendered":"<p>Feines Collier<br \/>\nGG, WG 750, gestempelt Laponia. D\u00fcnne St\u00e4bchenkette mit Hakenschlie\u00dfe, rechteckiger Anh\u00e4nger mit vier 8\/8-Diamanten, zus. 0,08 ct, TW, vvsi. 5,7 g brutto.<\/p>\n","protected":false},"excerpt":{"rendered":"<p>Feines Collier<br \/>\nGG, WG 750, gestempelt Laponia. D\u00fcnne St\u00e4bchenkette mit Hakenschlie\u00dfe, rechteckiger Anh\u00e4nger mit vier 8\/8-Diamanten, zus. 0,08 ct, TW, vvsi. 5,7 g brutto.<br \/>\n\u20ac 450<\/p>\n","protected":false},"featured_media":52459,"template":"","meta":{"_acf_changed":false,"_seopress_robots_primary_cat":"none","_seopress_titles_title":"","_seopress_titles_desc":"","_seopress_robots_index":""},"product_brand":[],"product_cat":[37],"product_tag":[52],"class_list":{"0":"post-52458","1":"product","2":"type-product","3":"status-publish","4":"has-post-thumbnail","6":"auktion-versteigerung-150","7":"auktion-archiv","8":"product_cat-schmuck-und-pretiosen","9":"product_tag-telefon","10":"sales-flash-overlay","11":"woocommerce-text-align-left","12":"woocommerce-image-align-center","14":"first","15":"outofstock","16":"sold-individually","17":"purchasable","18":"product-type-simple"},"acf":[],"_links":{"self":[{"href":"https:\/\/engel-kunst.com\/en\/wp-json\/wp\/v2\/product\/52458","targetHints":{"allow":["GET"]}}],"collection":[{"href":"https:\/\/engel-kunst.com\/en\/wp-json\/wp\/v2\/product"}],"about":[{"href":"https:\/\/engel-kunst.com\/en\/wp-json\/wp\/v2\/types\/product"}],"wp:featuredmedia":[{"embeddable":true,"href":"https:\/\/engel-kunst.com\/en\/wp-json\/wp\/v2\/media\/52459"}],"wp:attachment":[{"href":"https:\/\/engel-kunst.com\/en\/wp-json\/wp\/v2\/media?parent=52458"}],"wp:term":[{"taxonomy":"product_brand","embeddable":true,"href":"https:\/\/engel-kunst.com\/en\/wp-json\/wp\/v2\/product_brand?post=52458"},{"taxonomy":"product_cat","embeddable":true,"href":"https:\/\/engel-kunst.com\/en\/wp-json\/wp\/v2\/product_cat?post=52458"},{"taxonomy":"product_tag","embeddable":true,"href":"https:\/\/engel-kunst.com\/en\/wp-json\/wp\/v2\/product_tag?post=52458"}],"curies":[{"name":"wp","href":"https:\/\/api.w.org\/{rel}","templated":true}]}}