{"id":52466,"date":"2025-08-11T12:10:13","date_gmt":"2025-08-11T10:10:13","guid":{"rendered":"https:\/\/engel-kunst.com\/auktion-objekt\/armreif-8\/"},"modified":"2025-11-03T18:43:12","modified_gmt":"2025-11-03T17:43:12","slug":"armreif-8","status":"publish","type":"product","link":"https:\/\/engel-kunst.com\/en\/auktion-objekt\/armreif-8\/","title":{"rendered":"Armreif"},"content":{"rendered":"<p>Armreif<br \/>\nSch\u00f6ner Biedermeierstil. GG 14 ct (gepr\u00fcft). Mit Scharnier und Schlie\u00dfe mit Sicherheitskettchen. Filigrane Applikation mit Granulat, 6 S\u00fc\u00dfwasserperlchen und blauem Saphir (Oberfl\u00e4che best.). Mehrere Dellen, kleinere Besch\u00e4digungen und Reparaturstellen. D ca. 5,6 cm, B ca. 1,3 cm. 18,9 g brutto.<\/p>\n","protected":false},"excerpt":{"rendered":"<p>Armreif<br \/>\nSch\u00f6ner Biedermeierstil. GG 14 ct (gepr\u00fcft). Mit Scharnier und Schlie\u00dfe mit Sicherheitskettchen. Filigrane Applikation mit Granulat, 6 S\u00fc\u00dfwasserperlchen und blauem Saphir (Oberfl\u00e4che best.). Mehrere Dellen, kleinere Besch\u00e4digungen und Reparaturstellen. D ca. 5,6 cm, B ca. 1,3 cm. 18,9 g brutto.<br \/>\n\u20ac 750<\/p>\n","protected":false},"featured_media":52467,"template":"","meta":{"_acf_changed":false,"_seopress_robots_primary_cat":"","_seopress_titles_title":"","_seopress_titles_desc":"","_seopress_robots_index":""},"product_brand":[],"product_cat":[37],"product_tag":[52],"class_list":{"0":"post-52466","1":"product","2":"type-product","3":"status-publish","4":"has-post-thumbnail","6":"auktion-versteigerung-150","7":"auktion-archiv","8":"product_cat-schmuck-und-pretiosen","9":"product_tag-telefon","10":"sales-flash-overlay","11":"woocommerce-text-align-left","12":"woocommerce-image-align-center","14":"first","15":"outofstock","16":"sold-individually","17":"purchasable","18":"product-type-simple"},"acf":[],"_links":{"self":[{"href":"https:\/\/engel-kunst.com\/en\/wp-json\/wp\/v2\/product\/52466","targetHints":{"allow":["GET"]}}],"collection":[{"href":"https:\/\/engel-kunst.com\/en\/wp-json\/wp\/v2\/product"}],"about":[{"href":"https:\/\/engel-kunst.com\/en\/wp-json\/wp\/v2\/types\/product"}],"wp:featuredmedia":[{"embeddable":true,"href":"https:\/\/engel-kunst.com\/en\/wp-json\/wp\/v2\/media\/52467"}],"wp:attachment":[{"href":"https:\/\/engel-kunst.com\/en\/wp-json\/wp\/v2\/media?parent=52466"}],"wp:term":[{"taxonomy":"product_brand","embeddable":true,"href":"https:\/\/engel-kunst.com\/en\/wp-json\/wp\/v2\/product_brand?post=52466"},{"taxonomy":"product_cat","embeddable":true,"href":"https:\/\/engel-kunst.com\/en\/wp-json\/wp\/v2\/product_cat?post=52466"},{"taxonomy":"product_tag","embeddable":true,"href":"https:\/\/engel-kunst.com\/en\/wp-json\/wp\/v2\/product_tag?post=52466"}],"curies":[{"name":"wp","href":"https:\/\/api.w.org\/{rel}","templated":true}]}}