{"id":52516,"date":"2025-08-11T12:10:36","date_gmt":"2025-08-11T10:10:36","guid":{"rendered":"https:\/\/engel-kunst.com\/auktion-objekt\/feines-goldcollier\/"},"modified":"2025-11-03T18:43:21","modified_gmt":"2025-11-03T17:43:21","slug":"feines-goldcollier","status":"publish","type":"product","link":"https:\/\/engel-kunst.com\/en\/auktion-objekt\/feines-goldcollier\/","title":{"rendered":"Feines Goldcollier"},"content":{"rendered":"<p>Feines Goldcollier<br \/>\nGepr\u00fcft. Rubine und blaue Saphire. Schmale Gliederkette mit Ring\u00f6senschlie\u00dfe. L ca. 68,5 cm. 8,9 g brutto.<\/p>\n","protected":false},"excerpt":{"rendered":"<p>Feines Goldcollier<br \/>\nGepr\u00fcft. Rubine und blaue Saphire. Schmale Gliederkette mit Ring\u00f6senschlie\u00dfe. L ca. 68,5 cm. 8,9 g brutto.<br \/>\n\u20ac 75<\/p>\n","protected":false},"featured_media":52517,"template":"","meta":{"_acf_changed":false,"_seopress_robots_primary_cat":"","_seopress_titles_title":"","_seopress_titles_desc":"","_seopress_robots_index":""},"product_brand":[],"product_cat":[37],"product_tag":[51],"class_list":{"0":"post-52516","1":"product","2":"type-product","3":"status-publish","4":"has-post-thumbnail","6":"auktion-versteigerung-150","7":"auktion-archiv","8":"product_cat-schmuck-und-pretiosen","9":"product_tag-schriftlich","10":"sales-flash-overlay","11":"woocommerce-text-align-left","12":"woocommerce-image-align-center","14":"first","15":"outofstock","16":"sold-individually","17":"purchasable","18":"product-type-simple"},"acf":[],"_links":{"self":[{"href":"https:\/\/engel-kunst.com\/en\/wp-json\/wp\/v2\/product\/52516","targetHints":{"allow":["GET"]}}],"collection":[{"href":"https:\/\/engel-kunst.com\/en\/wp-json\/wp\/v2\/product"}],"about":[{"href":"https:\/\/engel-kunst.com\/en\/wp-json\/wp\/v2\/types\/product"}],"wp:featuredmedia":[{"embeddable":true,"href":"https:\/\/engel-kunst.com\/en\/wp-json\/wp\/v2\/media\/52517"}],"wp:attachment":[{"href":"https:\/\/engel-kunst.com\/en\/wp-json\/wp\/v2\/media?parent=52516"}],"wp:term":[{"taxonomy":"product_brand","embeddable":true,"href":"https:\/\/engel-kunst.com\/en\/wp-json\/wp\/v2\/product_brand?post=52516"},{"taxonomy":"product_cat","embeddable":true,"href":"https:\/\/engel-kunst.com\/en\/wp-json\/wp\/v2\/product_cat?post=52516"},{"taxonomy":"product_tag","embeddable":true,"href":"https:\/\/engel-kunst.com\/en\/wp-json\/wp\/v2\/product_tag?post=52516"}],"curies":[{"name":"wp","href":"https:\/\/api.w.org\/{rel}","templated":true}]}}