{"id":52616,"date":"2025-08-11T12:11:32","date_gmt":"2025-08-11T10:11:32","guid":{"rendered":"https:\/\/engel-kunst.com\/auktion-objekt\/diemer-karl\/"},"modified":"2025-11-03T18:43:39","modified_gmt":"2025-11-03T17:43:39","slug":"diemer-karl","status":"publish","type":"product","link":"https:\/\/engel-kunst.com\/en\/auktion-objekt\/diemer-karl\/","title":{"rendered":"Diemer, Karl"},"content":{"rendered":"<p>Diemer, Karl<br \/>\nFigur. Wiener Naturalisten. Beiliegend im kartonierten Umschlag f\u00fcnf handsign. Orig. Grafiken von Sch\u00f6nwald, Martinz, Eisler, Schwaiger und Hrdlicka. Verlag f\u00fcr Jugend und Volk, Wien 1969. Pappschuber, auf der Vorderseite mehrere kleine, braune Flecken.<\/p>\n","protected":false},"excerpt":{"rendered":"<p>Diemer, Karl<br \/>\nFigur. Wiener Naturalisten. Beiliegend im kartonierten Umschlag f\u00fcnf handsign. Orig. Grafiken von Sch\u00f6nwald, Martinz, Eisler, Schwaiger und Hrdlicka. Verlag f\u00fcr Jugend und Volk, Wien 1969. Pappschuber, auf der Vorderseite mehrere kleine, braune Flecken.<br \/>\n\u20ac 65<\/p>\n","protected":false},"featured_media":52617,"template":"","meta":{"_acf_changed":false,"_seopress_robots_primary_cat":"","_seopress_titles_title":"","_seopress_titles_desc":"","_seopress_robots_index":""},"product_brand":[],"product_cat":[39],"product_tag":[51],"class_list":{"0":"post-52616","1":"product","2":"type-product","3":"status-publish","4":"has-post-thumbnail","6":"auktion-versteigerung-150","7":"auktion-archiv","8":"product_cat-buecher-nicht-kollationiert","9":"product_tag-schriftlich","10":"sales-flash-overlay","11":"woocommerce-text-align-left","12":"woocommerce-image-align-center","14":"first","15":"outofstock","16":"sold-individually","17":"purchasable","18":"product-type-simple"},"acf":[],"_links":{"self":[{"href":"https:\/\/engel-kunst.com\/en\/wp-json\/wp\/v2\/product\/52616","targetHints":{"allow":["GET"]}}],"collection":[{"href":"https:\/\/engel-kunst.com\/en\/wp-json\/wp\/v2\/product"}],"about":[{"href":"https:\/\/engel-kunst.com\/en\/wp-json\/wp\/v2\/types\/product"}],"wp:featuredmedia":[{"embeddable":true,"href":"https:\/\/engel-kunst.com\/en\/wp-json\/wp\/v2\/media\/52617"}],"wp:attachment":[{"href":"https:\/\/engel-kunst.com\/en\/wp-json\/wp\/v2\/media?parent=52616"}],"wp:term":[{"taxonomy":"product_brand","embeddable":true,"href":"https:\/\/engel-kunst.com\/en\/wp-json\/wp\/v2\/product_brand?post=52616"},{"taxonomy":"product_cat","embeddable":true,"href":"https:\/\/engel-kunst.com\/en\/wp-json\/wp\/v2\/product_cat?post=52616"},{"taxonomy":"product_tag","embeddable":true,"href":"https:\/\/engel-kunst.com\/en\/wp-json\/wp\/v2\/product_tag?post=52616"}],"curies":[{"name":"wp","href":"https:\/\/api.w.org\/{rel}","templated":true}]}}