{"id":52626,"date":"2025-08-11T12:11:43","date_gmt":"2025-08-11T10:11:43","guid":{"rendered":"https:\/\/engel-kunst.com\/auktion-objekt\/galerie-maeght\/"},"modified":"2025-11-03T18:43:41","modified_gmt":"2025-11-03T17:43:41","slug":"galerie-maeght","status":"publish","type":"product","link":"https:\/\/engel-kunst.com\/en\/auktion-objekt\/galerie-maeght\/","title":{"rendered":"Galerie Maeght"},"content":{"rendered":"<p>Galerie Maeght<br \/>\nDerri\u00e8re le Miroir No 250. Hommage \u00e0 Aim\u00e9 et Marguerite Maeght. Auf dem Umschlag Orig. Lithografie von Steinberg, stellenweise etwas best., re. u. kleine Absch\u00fcrfung. Beigef\u00fcgt 23 Orig. Grafiken, u. a. von Chagall, Chillida, Mir\u00f3, Bram van Velde, T\u00e1pies, Riopelle, Rebeyrolle, Pol Bury, Kalpheck, Gardy-Artigar, Tal-Coat. Format: 38 x 28,2 cm. Galerie Maeght, Paris 1982. Einb. und Umschlag stellenweise etwas fleckig.<\/p>\n","protected":false},"excerpt":{"rendered":"<p>Galerie Maeght<br \/>\nDerri\u00e8re le Miroir No 250. Hommage \u00e0 Aim\u00e9 et Marguerite Maeght. Auf dem Umschlag Orig. Lithografie von Steinberg, stellenweise etwas best., re. u. kleine Absch\u00fcrfung. Beigef\u00fcgt 23 Orig. Grafiken, u. a. von Chagall, Chillida, Mir\u00f3, Bram van Velde, T\u00e1pies, Riopelle, Rebeyrolle, Pol Bury, Kalpheck, Gardy-Artigar, Tal-Coat. Format: 38 x 28,2 cm. Galerie Maeght, Paris 1982. Einb. und Umschlag stellenweise etwas fleckig.<br \/>\n\u20ac 280<\/p>\n","protected":false},"featured_media":52627,"template":"","meta":{"_acf_changed":false,"_seopress_robots_primary_cat":"","_seopress_titles_title":"","_seopress_titles_desc":"","_seopress_robots_index":""},"product_brand":[],"product_cat":[39],"product_tag":[52],"class_list":{"0":"post-52626","1":"product","2":"type-product","3":"status-publish","4":"has-post-thumbnail","6":"auktion-versteigerung-150","7":"auktion-archiv","8":"product_cat-buecher-nicht-kollationiert","9":"product_tag-telefon","10":"sales-flash-overlay","11":"woocommerce-text-align-left","12":"woocommerce-image-align-center","14":"first","15":"outofstock","16":"sold-individually","17":"purchasable","18":"product-type-simple"},"acf":[],"_links":{"self":[{"href":"https:\/\/engel-kunst.com\/en\/wp-json\/wp\/v2\/product\/52626","targetHints":{"allow":["GET"]}}],"collection":[{"href":"https:\/\/engel-kunst.com\/en\/wp-json\/wp\/v2\/product"}],"about":[{"href":"https:\/\/engel-kunst.com\/en\/wp-json\/wp\/v2\/types\/product"}],"wp:featuredmedia":[{"embeddable":true,"href":"https:\/\/engel-kunst.com\/en\/wp-json\/wp\/v2\/media\/52627"}],"wp:attachment":[{"href":"https:\/\/engel-kunst.com\/en\/wp-json\/wp\/v2\/media?parent=52626"}],"wp:term":[{"taxonomy":"product_brand","embeddable":true,"href":"https:\/\/engel-kunst.com\/en\/wp-json\/wp\/v2\/product_brand?post=52626"},{"taxonomy":"product_cat","embeddable":true,"href":"https:\/\/engel-kunst.com\/en\/wp-json\/wp\/v2\/product_cat?post=52626"},{"taxonomy":"product_tag","embeddable":true,"href":"https:\/\/engel-kunst.com\/en\/wp-json\/wp\/v2\/product_tag?post=52626"}],"curies":[{"name":"wp","href":"https:\/\/api.w.org\/{rel}","templated":true}]}}