{"id":52639,"date":"2025-08-11T12:11:43","date_gmt":"2025-08-11T10:11:43","guid":{"rendered":"https:\/\/engel-kunst.com\/auktion-objekt\/gyoezoe-sikota-2\/"},"modified":"2025-11-03T18:43:43","modified_gmt":"2025-11-03T17:43:43","slug":"gyoezoe-sikota-2","status":"publish","type":"product","link":"https:\/\/engel-kunst.com\/en\/auktion-objekt\/gyoezoe-sikota-2\/","title":{"rendered":"Gy\u00f6z\u00f6, Sikota"},"content":{"rendered":"<p>Gy\u00f6z\u00f6, Sikota<br \/>\nHerendi Porcel\u00e1n. Miniaturb\u00fcchlein, Budapest 1976. Illustriert, Text ungarisch und englisch. Blauer Einb., auf dem Frontdeckel wei\u00dfe Porzellanplakette mit Rosenbemalung. Orig., rotes Etui.<\/p>\n","protected":false},"excerpt":{"rendered":"<p>Gy\u00f6z\u00f6, Sikota<br \/>\nHerendi Porcel\u00e1n. Miniaturb\u00fcchlein, Budapest 1976. Illustriert, Text ungarisch und englisch. Blauer Einb., auf dem Frontdeckel wei\u00dfe Porzellanplakette mit Rosenbemalung. Orig., rotes Etui.<br \/>\n\u20ac 20<\/p>\n","protected":false},"featured_media":52640,"template":"","meta":{"_acf_changed":false,"_seopress_robots_primary_cat":"none","_seopress_titles_title":"","_seopress_titles_desc":"","_seopress_robots_index":""},"product_brand":[],"product_cat":[39],"product_tag":[51],"class_list":{"0":"post-52639","1":"product","2":"type-product","3":"status-publish","4":"has-post-thumbnail","6":"auktion-versteigerung-150","7":"auktion-archiv","8":"product_cat-buecher-nicht-kollationiert","9":"product_tag-schriftlich","10":"sales-flash-overlay","11":"woocommerce-text-align-left","12":"woocommerce-image-align-center","14":"first","15":"outofstock","16":"sold-individually","17":"purchasable","18":"product-type-simple"},"acf":[],"_links":{"self":[{"href":"https:\/\/engel-kunst.com\/en\/wp-json\/wp\/v2\/product\/52639","targetHints":{"allow":["GET"]}}],"collection":[{"href":"https:\/\/engel-kunst.com\/en\/wp-json\/wp\/v2\/product"}],"about":[{"href":"https:\/\/engel-kunst.com\/en\/wp-json\/wp\/v2\/types\/product"}],"wp:featuredmedia":[{"embeddable":true,"href":"https:\/\/engel-kunst.com\/en\/wp-json\/wp\/v2\/media\/52640"}],"wp:attachment":[{"href":"https:\/\/engel-kunst.com\/en\/wp-json\/wp\/v2\/media?parent=52639"}],"wp:term":[{"taxonomy":"product_brand","embeddable":true,"href":"https:\/\/engel-kunst.com\/en\/wp-json\/wp\/v2\/product_brand?post=52639"},{"taxonomy":"product_cat","embeddable":true,"href":"https:\/\/engel-kunst.com\/en\/wp-json\/wp\/v2\/product_cat?post=52639"},{"taxonomy":"product_tag","embeddable":true,"href":"https:\/\/engel-kunst.com\/en\/wp-json\/wp\/v2\/product_tag?post=52639"}],"curies":[{"name":"wp","href":"https:\/\/api.w.org\/{rel}","templated":true}]}}