{"id":52643,"date":"2025-08-11T12:11:43","date_gmt":"2025-08-11T10:11:43","guid":{"rendered":"https:\/\/engel-kunst.com\/auktion-objekt\/hatje-gerd\/"},"modified":"2025-11-03T18:43:44","modified_gmt":"2025-11-03T17:43:44","slug":"hatje-gerd","status":"publish","type":"product","link":"https:\/\/engel-kunst.com\/en\/auktion-objekt\/hatje-gerd\/","title":{"rendered":"Hatje, Gerd"},"content":{"rendered":"<p>Hatje, Gerd<br \/>\nHAP Grieshaber der Holzschneider. Mit Textbeilage zur Publikation. Verlag Gerd Hatje, Stuttgart 1964. Gebrauchsspuren, m\u00e4\u00dfige Altersbr\u00e4unung, Schutzumschlag an den Kanten stellenweise etwas eingerissen.<\/p>\n","protected":false},"excerpt":{"rendered":"<p>Hatje, Gerd<br \/>\nHAP Grieshaber der Holzschneider. Mit Textbeilage zur Publikation. Verlag Gerd Hatje, Stuttgart 1964. Gebrauchsspuren, m\u00e4\u00dfige Altersbr\u00e4unung, Schutzumschlag an den Kanten stellenweise etwas eingerissen.<br \/>\n\u20ac 40<\/p>\n","protected":false},"featured_media":52644,"template":"","meta":{"_acf_changed":false,"_seopress_robots_primary_cat":"","_seopress_titles_title":"","_seopress_titles_desc":"","_seopress_robots_index":""},"product_brand":[],"product_cat":[39],"product_tag":[51],"class_list":{"0":"post-52643","1":"product","2":"type-product","3":"status-publish","4":"has-post-thumbnail","6":"auktion-versteigerung-150","7":"auktion-archiv","8":"product_cat-buecher-nicht-kollationiert","9":"product_tag-schriftlich","10":"sales-flash-overlay","11":"woocommerce-text-align-left","12":"woocommerce-image-align-center","14":"first","15":"outofstock","16":"sold-individually","17":"purchasable","18":"product-type-simple"},"acf":[],"_links":{"self":[{"href":"https:\/\/engel-kunst.com\/en\/wp-json\/wp\/v2\/product\/52643","targetHints":{"allow":["GET"]}}],"collection":[{"href":"https:\/\/engel-kunst.com\/en\/wp-json\/wp\/v2\/product"}],"about":[{"href":"https:\/\/engel-kunst.com\/en\/wp-json\/wp\/v2\/types\/product"}],"wp:featuredmedia":[{"embeddable":true,"href":"https:\/\/engel-kunst.com\/en\/wp-json\/wp\/v2\/media\/52644"}],"wp:attachment":[{"href":"https:\/\/engel-kunst.com\/en\/wp-json\/wp\/v2\/media?parent=52643"}],"wp:term":[{"taxonomy":"product_brand","embeddable":true,"href":"https:\/\/engel-kunst.com\/en\/wp-json\/wp\/v2\/product_brand?post=52643"},{"taxonomy":"product_cat","embeddable":true,"href":"https:\/\/engel-kunst.com\/en\/wp-json\/wp\/v2\/product_cat?post=52643"},{"taxonomy":"product_tag","embeddable":true,"href":"https:\/\/engel-kunst.com\/en\/wp-json\/wp\/v2\/product_tag?post=52643"}],"curies":[{"name":"wp","href":"https:\/\/api.w.org\/{rel}","templated":true}]}}