{"id":52816,"date":"2025-08-11T12:28:17","date_gmt":"2025-08-11T10:28:17","guid":{"rendered":"https:\/\/engel-kunst.com\/auktion-objekt\/hereke\/"},"modified":"2025-11-03T18:44:15","modified_gmt":"2025-11-03T17:44:15","slug":"hereke","status":"publish","type":"product","link":"https:\/\/engel-kunst.com\/en\/auktion-objekt\/hereke\/","title":{"rendered":"Hereke"},"content":{"rendered":"<p>Hereke<br \/>\nT\u00fcrkei. Ca. 45 Jahre alt. Ca. 161 x 105 cm. Feine Seidenkn\u00fcpfung. Zustand B (ganzfl\u00e4chig m\u00e4\u00dfig verblasst, teils fehlende Webkante mit Fransen).<\/p>\n","protected":false},"excerpt":{"rendered":"<p>Hereke<br \/>\nT\u00fcrkei. Ca. 45 Jahre alt. Ca. 161 x 105 cm. Feine Seidenkn\u00fcpfung. Zustand B (ganzfl\u00e4chig m\u00e4\u00dfig verblasst, teils fehlende Webkante mit Fransen).<br \/>\n\u20ac 300<\/p>\n","protected":false},"featured_media":52817,"template":"","meta":{"_acf_changed":false,"_seopress_robots_primary_cat":"","_seopress_titles_title":"","_seopress_titles_desc":"","_seopress_robots_index":""},"product_brand":[],"product_cat":[40],"product_tag":[52],"class_list":{"0":"post-52816","1":"product","2":"type-product","3":"status-publish","4":"has-post-thumbnail","6":"auktion-versteigerung-150","7":"auktion-archiv","8":"product_cat-teppiche-textilien","9":"product_tag-telefon","10":"sales-flash-overlay","11":"woocommerce-text-align-left","12":"woocommerce-image-align-center","14":"first","15":"outofstock","16":"sold-individually","17":"purchasable","18":"product-type-simple"},"acf":[],"_links":{"self":[{"href":"https:\/\/engel-kunst.com\/en\/wp-json\/wp\/v2\/product\/52816","targetHints":{"allow":["GET"]}}],"collection":[{"href":"https:\/\/engel-kunst.com\/en\/wp-json\/wp\/v2\/product"}],"about":[{"href":"https:\/\/engel-kunst.com\/en\/wp-json\/wp\/v2\/types\/product"}],"wp:featuredmedia":[{"embeddable":true,"href":"https:\/\/engel-kunst.com\/en\/wp-json\/wp\/v2\/media\/52817"}],"wp:attachment":[{"href":"https:\/\/engel-kunst.com\/en\/wp-json\/wp\/v2\/media?parent=52816"}],"wp:term":[{"taxonomy":"product_brand","embeddable":true,"href":"https:\/\/engel-kunst.com\/en\/wp-json\/wp\/v2\/product_brand?post=52816"},{"taxonomy":"product_cat","embeddable":true,"href":"https:\/\/engel-kunst.com\/en\/wp-json\/wp\/v2\/product_cat?post=52816"},{"taxonomy":"product_tag","embeddable":true,"href":"https:\/\/engel-kunst.com\/en\/wp-json\/wp\/v2\/product_tag?post=52816"}],"curies":[{"name":"wp","href":"https:\/\/api.w.org\/{rel}","templated":true}]}}