{"id":52830,"date":"2025-08-11T12:28:27","date_gmt":"2025-08-11T10:28:27","guid":{"rendered":"https:\/\/engel-kunst.com\/auktion-objekt\/truhe-7\/"},"modified":"2025-11-03T18:44:18","modified_gmt":"2025-11-03T17:44:18","slug":"truhe-7","status":"publish","type":"product","link":"https:\/\/engel-kunst.com\/en\/auktion-objekt\/truhe-7\/","title":{"rendered":"Truhe"},"content":{"rendered":"<p>Truhe<br \/>\nEifel(?), 18. Jh.. Eiche, geschnitzt. Eisenbeschl\u00e4ge, Eisenschloss. Front, Seiten und Deckel mit Flachreliefschnitzereien. Vorn Kugel-, hinten Vierkantf\u00fc\u00dfe. Erg\u00e4nzte Sockelleiste. H 62 cm, L 129,5 cm, B 59,5 cm. Zustand C.<\/p>\n","protected":false},"excerpt":{"rendered":"<p>Truhe<br \/>\nEifel(?), 18. Jh.. Eiche, geschnitzt. Eisenbeschl\u00e4ge, Eisenschloss. Front, Seiten und Deckel mit Flachreliefschnitzereien. Vorn Kugel-, hinten Vierkantf\u00fc\u00dfe. Erg\u00e4nzte Sockelleiste. H 62 cm, L 129,5 cm, B 59,5 cm. Zustand C.<br \/>\n\u20ac 10<\/p>\n","protected":false},"featured_media":52831,"template":"","meta":{"_acf_changed":false,"_seopress_robots_primary_cat":"","_seopress_titles_title":"","_seopress_titles_desc":"","_seopress_robots_index":""},"product_brand":[],"product_cat":[41],"product_tag":[51],"class_list":{"0":"post-52830","1":"product","2":"type-product","3":"status-publish","4":"has-post-thumbnail","6":"auktion-versteigerung-150","7":"auktion-archiv","8":"product_cat-einrichtungsgegenstaende","9":"product_tag-schriftlich","10":"sales-flash-overlay","11":"woocommerce-text-align-left","12":"woocommerce-image-align-center","14":"first","15":"outofstock","16":"sold-individually","17":"purchasable","18":"product-type-simple"},"acf":[],"_links":{"self":[{"href":"https:\/\/engel-kunst.com\/en\/wp-json\/wp\/v2\/product\/52830","targetHints":{"allow":["GET"]}}],"collection":[{"href":"https:\/\/engel-kunst.com\/en\/wp-json\/wp\/v2\/product"}],"about":[{"href":"https:\/\/engel-kunst.com\/en\/wp-json\/wp\/v2\/types\/product"}],"wp:featuredmedia":[{"embeddable":true,"href":"https:\/\/engel-kunst.com\/en\/wp-json\/wp\/v2\/media\/52831"}],"wp:attachment":[{"href":"https:\/\/engel-kunst.com\/en\/wp-json\/wp\/v2\/media?parent=52830"}],"wp:term":[{"taxonomy":"product_brand","embeddable":true,"href":"https:\/\/engel-kunst.com\/en\/wp-json\/wp\/v2\/product_brand?post=52830"},{"taxonomy":"product_cat","embeddable":true,"href":"https:\/\/engel-kunst.com\/en\/wp-json\/wp\/v2\/product_cat?post=52830"},{"taxonomy":"product_tag","embeddable":true,"href":"https:\/\/engel-kunst.com\/en\/wp-json\/wp\/v2\/product_tag?post=52830"}],"curies":[{"name":"wp","href":"https:\/\/api.w.org\/{rel}","templated":true}]}}