{"id":52832,"date":"2025-08-11T12:28:27","date_gmt":"2025-08-11T10:28:27","guid":{"rendered":"https:\/\/engel-kunst.com\/auktion-objekt\/barockeckschrank-3\/"},"modified":"2025-11-03T18:44:19","modified_gmt":"2025-11-03T17:44:19","slug":"barockeckschrank-3","status":"publish","type":"product","link":"https:\/\/engel-kunst.com\/en\/auktion-objekt\/barockeckschrank-3\/","title":{"rendered":"Barockeckschrank"},"content":{"rendered":"<p>Barockeckschrank<br \/>\n18. Jh.. Eiche, dunkelbraun gebeizt. Eint\u00fcrig mit abgeschr\u00e4gten Vorderecken, vorn Kugelf\u00fc\u00dfe. T\u00fcr und Seiten mit Profilschnitzereien. Zur\u00fcckgesetzter, offener Aufsatz mit geschweiften Seiten und vier Ablagen. H 220,7 cm, B 104,5 cm, T 65 cm. Zustand C\/D (im Bodenbereich alter Wurmbefall, dadurch muss der hintere Fu\u00df neu befestigt werden, Alters- und Gebrauchsspuren, stellenweise etwas altersrissig).<\/p>\n","protected":false},"excerpt":{"rendered":"<p>Barockeckschrank<br \/>\n18. Jh.. Eiche, dunkelbraun gebeizt. Eint\u00fcrig mit abgeschr\u00e4gten Vorderecken, vorn Kugelf\u00fc\u00dfe. T\u00fcr und Seiten mit Profilschnitzereien. Zur\u00fcckgesetzter, offener Aufsatz mit geschweiften Seiten und vier Ablagen. H 220,7 cm, B 104,5 cm, T 65 cm. Zustand C\/D (im Bodenbereich alter Wurmbefall, dadurch muss der hintere Fu\u00df neu befestigt werden, Alters- und Gebrauchsspuren, stellenweise etwas altersrissig).<br \/>\n\u20ac 65<\/p>\n","protected":false},"featured_media":52833,"template":"","meta":{"_acf_changed":false,"_seopress_robots_primary_cat":"none","_seopress_titles_title":"","_seopress_titles_desc":"","_seopress_robots_index":""},"product_brand":[],"product_cat":[41],"product_tag":[51],"class_list":{"0":"post-52832","1":"product","2":"type-product","3":"status-publish","4":"has-post-thumbnail","6":"auktion-versteigerung-150","7":"auktion-archiv","8":"product_cat-einrichtungsgegenstaende","9":"product_tag-schriftlich","10":"sales-flash-overlay","11":"woocommerce-text-align-left","12":"woocommerce-image-align-center","14":"first","15":"outofstock","16":"sold-individually","17":"purchasable","18":"product-type-simple"},"acf":[],"_links":{"self":[{"href":"https:\/\/engel-kunst.com\/en\/wp-json\/wp\/v2\/product\/52832","targetHints":{"allow":["GET"]}}],"collection":[{"href":"https:\/\/engel-kunst.com\/en\/wp-json\/wp\/v2\/product"}],"about":[{"href":"https:\/\/engel-kunst.com\/en\/wp-json\/wp\/v2\/types\/product"}],"wp:featuredmedia":[{"embeddable":true,"href":"https:\/\/engel-kunst.com\/en\/wp-json\/wp\/v2\/media\/52833"}],"wp:attachment":[{"href":"https:\/\/engel-kunst.com\/en\/wp-json\/wp\/v2\/media?parent=52832"}],"wp:term":[{"taxonomy":"product_brand","embeddable":true,"href":"https:\/\/engel-kunst.com\/en\/wp-json\/wp\/v2\/product_brand?post=52832"},{"taxonomy":"product_cat","embeddable":true,"href":"https:\/\/engel-kunst.com\/en\/wp-json\/wp\/v2\/product_cat?post=52832"},{"taxonomy":"product_tag","embeddable":true,"href":"https:\/\/engel-kunst.com\/en\/wp-json\/wp\/v2\/product_tag?post=52832"}],"curies":[{"name":"wp","href":"https:\/\/api.w.org\/{rel}","templated":true}]}}