{"id":52838,"date":"2025-08-11T12:28:34","date_gmt":"2025-08-11T10:28:34","guid":{"rendered":"https:\/\/engel-kunst.com\/auktion-objekt\/truhe-9\/"},"modified":"2025-11-03T18:44:20","modified_gmt":"2025-11-03T17:44:20","slug":"truhe-9","status":"publish","type":"product","link":"https:\/\/engel-kunst.com\/en\/auktion-objekt\/truhe-9\/","title":{"rendered":"Truhe"},"content":{"rendered":"<p>Truhe<br \/>\nMosel(?), Ende 18. Jh.. Eiche, braun gebeizt. Front und Seiten mit Profilschnitzereien und kleinen Rosetten. Deckel mit zwei geschnitzten Profilf\u00fcllungen, dazwischen Reliefschnitzerei mit Monogramm A.M.L., dat. 1790. Eisenbeschl\u00e4ge, Eisenschloss, der Schl\u00fcssel fehlt. Boden erneuert. H 69,3 cm, L 120,5 cm, B 61,5 cm. Zustand C (Alters- und Gebrauchsspuren).<\/p>\n","protected":false},"excerpt":{"rendered":"<p>Truhe<br \/>\nMosel(?), Ende 18. Jh.. Eiche, braun gebeizt. Front und Seiten mit Profilschnitzereien und kleinen Rosetten. Deckel mit zwei geschnitzten Profilf\u00fcllungen, dazwischen Reliefschnitzerei mit Monogramm A.M.L., dat. 1790. Eisenbeschl\u00e4ge, Eisenschloss, der Schl\u00fcssel fehlt. Boden erneuert. H 69,3 cm, L 120,5 cm, B 61,5 cm. Zustand C (Alters- und Gebrauchsspuren).<br \/>\n\u20ac 40<\/p>\n","protected":false},"featured_media":52839,"template":"","meta":{"_acf_changed":false,"_seopress_robots_primary_cat":"","_seopress_titles_title":"","_seopress_titles_desc":"","_seopress_robots_index":""},"product_brand":[],"product_cat":[41],"product_tag":[51],"class_list":{"0":"post-52838","1":"product","2":"type-product","3":"status-publish","4":"has-post-thumbnail","6":"auktion-versteigerung-150","7":"auktion-archiv","8":"product_cat-einrichtungsgegenstaende","9":"product_tag-schriftlich","10":"sales-flash-overlay","11":"woocommerce-text-align-left","12":"woocommerce-image-align-center","14":"first","15":"outofstock","16":"sold-individually","17":"purchasable","18":"product-type-simple"},"acf":[],"_links":{"self":[{"href":"https:\/\/engel-kunst.com\/en\/wp-json\/wp\/v2\/product\/52838","targetHints":{"allow":["GET"]}}],"collection":[{"href":"https:\/\/engel-kunst.com\/en\/wp-json\/wp\/v2\/product"}],"about":[{"href":"https:\/\/engel-kunst.com\/en\/wp-json\/wp\/v2\/types\/product"}],"wp:featuredmedia":[{"embeddable":true,"href":"https:\/\/engel-kunst.com\/en\/wp-json\/wp\/v2\/media\/52839"}],"wp:attachment":[{"href":"https:\/\/engel-kunst.com\/en\/wp-json\/wp\/v2\/media?parent=52838"}],"wp:term":[{"taxonomy":"product_brand","embeddable":true,"href":"https:\/\/engel-kunst.com\/en\/wp-json\/wp\/v2\/product_brand?post=52838"},{"taxonomy":"product_cat","embeddable":true,"href":"https:\/\/engel-kunst.com\/en\/wp-json\/wp\/v2\/product_cat?post=52838"},{"taxonomy":"product_tag","embeddable":true,"href":"https:\/\/engel-kunst.com\/en\/wp-json\/wp\/v2\/product_tag?post=52838"}],"curies":[{"name":"wp","href":"https:\/\/api.w.org\/{rel}","templated":true}]}}