{"id":52840,"date":"2025-08-11T12:28:34","date_gmt":"2025-08-11T10:28:34","guid":{"rendered":"https:\/\/engel-kunst.com\/auktion-objekt\/flaemische-deckenlampe-2\/"},"modified":"2025-11-03T18:44:20","modified_gmt":"2025-11-03T17:44:20","slug":"flaemische-deckenlampe-2","status":"publish","type":"product","link":"https:\/\/engel-kunst.com\/en\/auktion-objekt\/flaemische-deckenlampe-2\/","title":{"rendered":"Fl\u00e4mische Deckenlampe"},"content":{"rendered":"<p>Fl\u00e4mische Deckenlampe<br \/>\nCa. 1950er Jahre. Br\u00fcniertes Messing. Gegliedertes Mittelteil unten mit gro\u00dfer Kugel, oben ein Doppelkopfadler. Sechs geschwungene Leuchterarme mit Kerzent\u00fcllen. Eine Gl\u00fchbirnenfassung besch.. H ca. 81 cm, D ca. 76 cm. Alters- und Gebrauchsspuren. <\/p>\n","protected":false},"excerpt":{"rendered":"<p>Fl\u00e4mische Deckenlampe<br \/>\nCa. 1950er Jahre. Br\u00fcniertes Messing. Gegliedertes Mittelteil unten mit gro\u00dfer Kugel, oben ein Doppelkopfadler. Sechs geschwungene Leuchterarme mit Kerzent\u00fcllen. Eine Gl\u00fchbirnenfassung besch.. H ca. 81 cm, D ca. 76 cm. Alters- und Gebrauchsspuren.<br \/>\n\u20ac 30<\/p>\n","protected":false},"featured_media":52841,"template":"","meta":{"_acf_changed":false,"_seopress_robots_primary_cat":"","_seopress_titles_title":"","_seopress_titles_desc":"","_seopress_robots_index":""},"product_brand":[],"product_cat":[41],"product_tag":[51],"class_list":{"0":"post-52840","1":"product","2":"type-product","3":"status-publish","4":"has-post-thumbnail","6":"auktion-versteigerung-150","7":"auktion-archiv","8":"product_cat-einrichtungsgegenstaende","9":"product_tag-schriftlich","10":"sales-flash-overlay","11":"woocommerce-text-align-left","12":"woocommerce-image-align-center","14":"first","15":"outofstock","16":"sold-individually","17":"purchasable","18":"product-type-simple"},"acf":[],"_links":{"self":[{"href":"https:\/\/engel-kunst.com\/en\/wp-json\/wp\/v2\/product\/52840","targetHints":{"allow":["GET"]}}],"collection":[{"href":"https:\/\/engel-kunst.com\/en\/wp-json\/wp\/v2\/product"}],"about":[{"href":"https:\/\/engel-kunst.com\/en\/wp-json\/wp\/v2\/types\/product"}],"wp:featuredmedia":[{"embeddable":true,"href":"https:\/\/engel-kunst.com\/en\/wp-json\/wp\/v2\/media\/52841"}],"wp:attachment":[{"href":"https:\/\/engel-kunst.com\/en\/wp-json\/wp\/v2\/media?parent=52840"}],"wp:term":[{"taxonomy":"product_brand","embeddable":true,"href":"https:\/\/engel-kunst.com\/en\/wp-json\/wp\/v2\/product_brand?post=52840"},{"taxonomy":"product_cat","embeddable":true,"href":"https:\/\/engel-kunst.com\/en\/wp-json\/wp\/v2\/product_cat?post=52840"},{"taxonomy":"product_tag","embeddable":true,"href":"https:\/\/engel-kunst.com\/en\/wp-json\/wp\/v2\/product_tag?post=52840"}],"curies":[{"name":"wp","href":"https:\/\/api.w.org\/{rel}","templated":true}]}}