{"id":52848,"date":"2025-08-11T12:28:40","date_gmt":"2025-08-11T10:28:40","guid":{"rendered":"https:\/\/engel-kunst.com\/auktion-objekt\/naehtisch-3\/"},"modified":"2025-11-03T18:44:21","modified_gmt":"2025-11-03T17:44:21","slug":"naehtisch-3","status":"publish","type":"product","link":"https:\/\/engel-kunst.com\/en\/auktion-objekt\/naehtisch-3\/","title":{"rendered":"N\u00e4htisch"},"content":{"rendered":"<p>N\u00e4htisch<br \/>\nDeutsch, ca. Ende 19. Jh.. Nussbaum massiv und furniert, sch\u00f6n gemasert. Kasten mit zwei Schubladen, die obere mit Gef\u00e4chern. Vier gedrechselte Beine unten mit Querstrebe, zwei ausges\u00e4gte Brettf\u00fc\u00dfe. H 78,7 cm, L 62 cm, B 41 cm. Zustand B\/C (Platte etwas altersrissig).<\/p>\n","protected":false},"excerpt":{"rendered":"<p>N\u00e4htisch<br \/>\nDeutsch, ca. Ende 19. Jh.. Nussbaum massiv und furniert, sch\u00f6n gemasert. Kasten mit zwei Schubladen, die obere mit Gef\u00e4chern. Vier gedrechselte Beine unten mit Querstrebe, zwei ausges\u00e4gte Brettf\u00fc\u00dfe. H 78,7 cm, L 62 cm, B 41 cm. Zustand B\/C (Platte etwas altersrissig).<br \/>\n\u20ac 70<\/p>\n","protected":false},"featured_media":52849,"template":"","meta":{"_acf_changed":false,"_seopress_robots_primary_cat":"","_seopress_titles_title":"","_seopress_titles_desc":"","_seopress_robots_index":""},"product_brand":[],"product_cat":[41],"product_tag":[51],"class_list":{"0":"post-52848","1":"product","2":"type-product","3":"status-publish","4":"has-post-thumbnail","6":"auktion-versteigerung-150","7":"auktion-archiv","8":"product_cat-einrichtungsgegenstaende","9":"product_tag-schriftlich","10":"sales-flash-overlay","11":"woocommerce-text-align-left","12":"woocommerce-image-align-center","14":"first","15":"outofstock","16":"sold-individually","17":"purchasable","18":"product-type-simple"},"acf":[],"_links":{"self":[{"href":"https:\/\/engel-kunst.com\/en\/wp-json\/wp\/v2\/product\/52848","targetHints":{"allow":["GET"]}}],"collection":[{"href":"https:\/\/engel-kunst.com\/en\/wp-json\/wp\/v2\/product"}],"about":[{"href":"https:\/\/engel-kunst.com\/en\/wp-json\/wp\/v2\/types\/product"}],"wp:featuredmedia":[{"embeddable":true,"href":"https:\/\/engel-kunst.com\/en\/wp-json\/wp\/v2\/media\/52849"}],"wp:attachment":[{"href":"https:\/\/engel-kunst.com\/en\/wp-json\/wp\/v2\/media?parent=52848"}],"wp:term":[{"taxonomy":"product_brand","embeddable":true,"href":"https:\/\/engel-kunst.com\/en\/wp-json\/wp\/v2\/product_brand?post=52848"},{"taxonomy":"product_cat","embeddable":true,"href":"https:\/\/engel-kunst.com\/en\/wp-json\/wp\/v2\/product_cat?post=52848"},{"taxonomy":"product_tag","embeddable":true,"href":"https:\/\/engel-kunst.com\/en\/wp-json\/wp\/v2\/product_tag?post=52848"}],"curies":[{"name":"wp","href":"https:\/\/api.w.org\/{rel}","templated":true}]}}