{"id":52858,"date":"2025-08-11T12:28:46","date_gmt":"2025-08-11T10:28:46","guid":{"rendered":"https:\/\/engel-kunst.com\/auktion-objekt\/ofenschirm-3\/"},"modified":"2025-11-03T18:44:23","modified_gmt":"2025-11-03T17:44:23","slug":"ofenschirm-3","status":"publish","type":"product","link":"https:\/\/engel-kunst.com\/en\/auktion-objekt\/ofenschirm-3\/","title":{"rendered":"Ofenschirm"},"content":{"rendered":"<p>Ofenschirm<br \/>\nFrankreich, 1. H\u00e4lfte 19. Jh.. Gestell Mahagoni furniert mit geschnitzten Appliken und Messingr\u00f6llchen. Orig. dunkelblaue Stoffbespannung mit feiner Stickerei, Darstellung einer pr\u00e4chtigen Blumenschale. H 107,7 cm, B 85 cm, T 36 cm. Zustand C (Furnier stellenweise etwas blasig und rissig, in der Stoffbespannung mehrere kleinere verschlissene Stellen).<\/p>\n","protected":false},"excerpt":{"rendered":"<p>Ofenschirm<br \/>\nFrankreich, 1. H\u00e4lfte 19. Jh.. Gestell Mahagoni furniert mit geschnitzten Appliken und Messingr\u00f6llchen. Orig. dunkelblaue Stoffbespannung mit feiner Stickerei, Darstellung einer pr\u00e4chtigen Blumenschale. H 107,7 cm, B 85 cm, T 36 cm. Zustand C (Furnier stellenweise etwas blasig und rissig, in der Stoffbespannung mehrere kleinere verschlissene Stellen).<br \/>\n\u20ac 150<\/p>\n","protected":false},"featured_media":52859,"template":"","meta":{"_acf_changed":false,"_seopress_robots_primary_cat":"","_seopress_titles_title":"","_seopress_titles_desc":"","_seopress_robots_index":""},"product_brand":[],"product_cat":[41],"product_tag":[51],"class_list":{"0":"post-52858","1":"product","2":"type-product","3":"status-publish","4":"has-post-thumbnail","6":"auktion-versteigerung-150","7":"auktion-archiv","8":"product_cat-einrichtungsgegenstaende","9":"product_tag-schriftlich","10":"sales-flash-overlay","11":"woocommerce-text-align-left","12":"woocommerce-image-align-center","14":"first","15":"outofstock","16":"sold-individually","17":"purchasable","18":"product-type-simple"},"acf":[],"_links":{"self":[{"href":"https:\/\/engel-kunst.com\/en\/wp-json\/wp\/v2\/product\/52858","targetHints":{"allow":["GET"]}}],"collection":[{"href":"https:\/\/engel-kunst.com\/en\/wp-json\/wp\/v2\/product"}],"about":[{"href":"https:\/\/engel-kunst.com\/en\/wp-json\/wp\/v2\/types\/product"}],"wp:featuredmedia":[{"embeddable":true,"href":"https:\/\/engel-kunst.com\/en\/wp-json\/wp\/v2\/media\/52859"}],"wp:attachment":[{"href":"https:\/\/engel-kunst.com\/en\/wp-json\/wp\/v2\/media?parent=52858"}],"wp:term":[{"taxonomy":"product_brand","embeddable":true,"href":"https:\/\/engel-kunst.com\/en\/wp-json\/wp\/v2\/product_brand?post=52858"},{"taxonomy":"product_cat","embeddable":true,"href":"https:\/\/engel-kunst.com\/en\/wp-json\/wp\/v2\/product_cat?post=52858"},{"taxonomy":"product_tag","embeddable":true,"href":"https:\/\/engel-kunst.com\/en\/wp-json\/wp\/v2\/product_tag?post=52858"}],"curies":[{"name":"wp","href":"https:\/\/api.w.org\/{rel}","templated":true}]}}