{"id":52860,"date":"2025-08-11T12:28:46","date_gmt":"2025-08-11T10:28:46","guid":{"rendered":"https:\/\/engel-kunst.com\/auktion-objekt\/biedermeier-eckvitrine-2\/"},"modified":"2025-11-03T18:44:24","modified_gmt":"2025-11-03T17:44:24","slug":"biedermeier-eckvitrine-2","status":"publish","type":"product","link":"https:\/\/engel-kunst.com\/en\/auktion-objekt\/biedermeier-eckvitrine-2\/","title":{"rendered":"Biedermeier-Eckvitrine"},"content":{"rendered":"<p>Biedermeier-Eckvitrine<br \/>\nDeutsch, 19. Jh.. Esche furniert, Blindholz Nadelholz, ebonisierte Leisten. Unten T\u00fcr mit glatter Rahmenf\u00fcllung, dar\u00fcber T\u00fcr mit geschwungener Sprossenverglasung. Abgeschr\u00e4gte Vorderecken, Brettf\u00fc\u00dfe, vorkragendes, profiliertes Gesims. H 188 cm, B 107 cm, T 60,5 cm. Zustand C (partiell etwas alter Wurmbefall, im Fu\u00dfbereich mehrere Furnierabspr\u00fcnge).<\/p>\n","protected":false},"excerpt":{"rendered":"<p>Biedermeier-Eckvitrine<br \/>\nDeutsch, 19. Jh.. Esche furniert, Blindholz Nadelholz, ebonisierte Leisten. Unten T\u00fcr mit glatter Rahmenf\u00fcllung, dar\u00fcber T\u00fcr mit geschwungener Sprossenverglasung. Abgeschr\u00e4gte Vorderecken, Brettf\u00fc\u00dfe, vorkragendes, profiliertes Gesims. H 188 cm, B 107 cm, T 60,5 cm. Zustand C (partiell etwas alter Wurmbefall, im Fu\u00dfbereich mehrere Furnierabspr\u00fcnge).<br \/>\n\u20ac 80<\/p>\n","protected":false},"featured_media":52861,"template":"","meta":{"_acf_changed":false,"_seopress_robots_primary_cat":"","_seopress_titles_title":"","_seopress_titles_desc":"","_seopress_robots_index":""},"product_brand":[],"product_cat":[41],"product_tag":[51],"class_list":{"0":"post-52860","1":"product","2":"type-product","3":"status-publish","4":"has-post-thumbnail","6":"auktion-versteigerung-150","7":"auktion-archiv","8":"product_cat-einrichtungsgegenstaende","9":"product_tag-schriftlich","10":"sales-flash-overlay","11":"woocommerce-text-align-left","12":"woocommerce-image-align-center","14":"first","15":"outofstock","16":"sold-individually","17":"purchasable","18":"product-type-simple"},"acf":[],"_links":{"self":[{"href":"https:\/\/engel-kunst.com\/en\/wp-json\/wp\/v2\/product\/52860","targetHints":{"allow":["GET"]}}],"collection":[{"href":"https:\/\/engel-kunst.com\/en\/wp-json\/wp\/v2\/product"}],"about":[{"href":"https:\/\/engel-kunst.com\/en\/wp-json\/wp\/v2\/types\/product"}],"wp:featuredmedia":[{"embeddable":true,"href":"https:\/\/engel-kunst.com\/en\/wp-json\/wp\/v2\/media\/52861"}],"wp:attachment":[{"href":"https:\/\/engel-kunst.com\/en\/wp-json\/wp\/v2\/media?parent=52860"}],"wp:term":[{"taxonomy":"product_brand","embeddable":true,"href":"https:\/\/engel-kunst.com\/en\/wp-json\/wp\/v2\/product_brand?post=52860"},{"taxonomy":"product_cat","embeddable":true,"href":"https:\/\/engel-kunst.com\/en\/wp-json\/wp\/v2\/product_cat?post=52860"},{"taxonomy":"product_tag","embeddable":true,"href":"https:\/\/engel-kunst.com\/en\/wp-json\/wp\/v2\/product_tag?post=52860"}],"curies":[{"name":"wp","href":"https:\/\/api.w.org\/{rel}","templated":true}]}}