{"id":52866,"date":"2025-08-11T12:28:46","date_gmt":"2025-08-11T10:28:46","guid":{"rendered":"https:\/\/engel-kunst.com\/auktion-objekt\/schrank-2\/"},"modified":"2025-11-03T18:44:25","modified_gmt":"2025-11-03T17:44:25","slug":"schrank-2","status":"publish","type":"product","link":"https:\/\/engel-kunst.com\/en\/auktion-objekt\/schrank-2\/","title":{"rendered":"Schrank"},"content":{"rendered":"<p>Schrank<br \/>\nFrankreich, 19. Jh.. Kirsche und Nussbaum. Zwei T\u00fcren mit Rahmenf\u00fcllungen mit aufgesetzter Leistenzier. Unten drei Schubladen, aufgesetzte Giebelleiste, breite Sockelleiste, ausges\u00e4gte Vorderf\u00fc\u00dfe. Orig. Messingbeschl\u00e4ge, Eisenschloss und Schl\u00fcssel. Innen f\u00fcnf, teils erneuerte Ablageb\u00f6den. H 228 cm, B 168 cm, T 55,5 cm. Zustand C (ein Vorderfu\u00df besch., stellenweise etwas Verwerfungen, mehrere kleinere Erg\u00e4nzungen).<\/p>\n","protected":false},"excerpt":{"rendered":"<p>Schrank<br \/>\nFrankreich, 19. Jh.. Kirsche und Nussbaum. Zwei T\u00fcren mit Rahmenf\u00fcllungen mit aufgesetzter Leistenzier. Unten drei Schubladen, aufgesetzte Giebelleiste, breite Sockelleiste, ausges\u00e4gte Vorderf\u00fc\u00dfe. Orig. Messingbeschl\u00e4ge, Eisenschloss und Schl\u00fcssel. Innen f\u00fcnf, teils erneuerte Ablageb\u00f6den. H 228 cm, B 168 cm, T 55,5 cm. Zustand C (ein Vorderfu\u00df besch., stellenweise etwas Verwerfungen, mehrere kleinere Erg\u00e4nzungen).<br \/>\n\u20ac 200<\/p>\n","protected":false},"featured_media":52867,"template":"","meta":{"_acf_changed":false,"_seopress_robots_primary_cat":"","_seopress_titles_title":"","_seopress_titles_desc":"","_seopress_robots_index":""},"product_brand":[],"product_cat":[41],"product_tag":[51],"class_list":{"0":"post-52866","1":"product","2":"type-product","3":"status-publish","4":"has-post-thumbnail","6":"auktion-versteigerung-150","7":"auktion-archiv","8":"product_cat-einrichtungsgegenstaende","9":"product_tag-schriftlich","10":"sales-flash-overlay","11":"woocommerce-text-align-left","12":"woocommerce-image-align-center","14":"first","15":"outofstock","16":"sold-individually","17":"purchasable","18":"product-type-simple"},"acf":[],"_links":{"self":[{"href":"https:\/\/engel-kunst.com\/en\/wp-json\/wp\/v2\/product\/52866","targetHints":{"allow":["GET"]}}],"collection":[{"href":"https:\/\/engel-kunst.com\/en\/wp-json\/wp\/v2\/product"}],"about":[{"href":"https:\/\/engel-kunst.com\/en\/wp-json\/wp\/v2\/types\/product"}],"wp:featuredmedia":[{"embeddable":true,"href":"https:\/\/engel-kunst.com\/en\/wp-json\/wp\/v2\/media\/52867"}],"wp:attachment":[{"href":"https:\/\/engel-kunst.com\/en\/wp-json\/wp\/v2\/media?parent=52866"}],"wp:term":[{"taxonomy":"product_brand","embeddable":true,"href":"https:\/\/engel-kunst.com\/en\/wp-json\/wp\/v2\/product_brand?post=52866"},{"taxonomy":"product_cat","embeddable":true,"href":"https:\/\/engel-kunst.com\/en\/wp-json\/wp\/v2\/product_cat?post=52866"},{"taxonomy":"product_tag","embeddable":true,"href":"https:\/\/engel-kunst.com\/en\/wp-json\/wp\/v2\/product_tag?post=52866"}],"curies":[{"name":"wp","href":"https:\/\/api.w.org\/{rel}","templated":true}]}}