{"id":52872,"date":"2025-08-11T12:28:51","date_gmt":"2025-08-11T10:28:51","guid":{"rendered":"https:\/\/engel-kunst.com\/auktion-objekt\/biedermeiersofa-2\/"},"modified":"2025-11-03T18:44:27","modified_gmt":"2025-11-03T17:44:27","slug":"biedermeiersofa-2","status":"publish","type":"product","link":"https:\/\/engel-kunst.com\/en\/auktion-objekt\/biedermeiersofa-2\/","title":{"rendered":"Biedermeiersofa"},"content":{"rendered":"<p>Biedermeiersofa<br \/>\nDeutsch, 1. Drittel 19. Jh.. Eschenholz massiv und furniert. Geschwungene Seiten gepolstert, vorn mit geschnitzten Reliefs in Form von F\u00fcllh\u00f6rnern mit Blumen verziert, die bis in die Zarge reichen. R\u00fcckenlehne mit geradem Abschluss, an den Enden rund auslaufend. Breite, geschwungene, kantige F\u00fc\u00dfe. Polsterung \u00fcberarbeitet, sp\u00e4terer olivgr\u00fcner Mohairbezug. H 94 cm, L 223 cm, T 79 cm. Zustand B\/C (mehrere kleinere Furnierfehlstellen, an einem hinteren Fu\u00df etwas fehlende Zierleiste).<\/p>\n","protected":false},"excerpt":{"rendered":"<p>Biedermeiersofa<br \/>\nDeutsch, 1. Drittel 19. Jh.. Eschenholz massiv und furniert. Geschwungene Seiten gepolstert, vorn mit geschnitzten Reliefs in Form von F\u00fcllh\u00f6rnern mit Blumen verziert, die bis in die Zarge reichen. R\u00fcckenlehne mit geradem Abschluss, an den Enden rund auslaufend. Breite, geschwungene, kantige F\u00fc\u00dfe. Polsterung \u00fcberarbeitet, sp\u00e4terer olivgr\u00fcner Mohairbezug. H 94 cm, L 223 cm, T 79 cm. Zustand B\/C (mehrere kleinere Furnierfehlstellen, an einem hinteren Fu\u00df etwas fehlende Zierleiste).<br \/>\n\u20ac 160<\/p>\n","protected":false},"featured_media":52873,"template":"","meta":{"_acf_changed":false,"_seopress_robots_primary_cat":"","_seopress_titles_title":"","_seopress_titles_desc":"","_seopress_robots_index":""},"product_brand":[],"product_cat":[41],"product_tag":[51],"class_list":{"0":"post-52872","1":"product","2":"type-product","3":"status-publish","4":"has-post-thumbnail","6":"auktion-versteigerung-150","7":"auktion-archiv","8":"product_cat-einrichtungsgegenstaende","9":"product_tag-schriftlich","10":"sales-flash-overlay","11":"woocommerce-text-align-left","12":"woocommerce-image-align-center","14":"first","15":"outofstock","16":"sold-individually","17":"purchasable","18":"product-type-simple"},"acf":[],"_links":{"self":[{"href":"https:\/\/engel-kunst.com\/en\/wp-json\/wp\/v2\/product\/52872","targetHints":{"allow":["GET"]}}],"collection":[{"href":"https:\/\/engel-kunst.com\/en\/wp-json\/wp\/v2\/product"}],"about":[{"href":"https:\/\/engel-kunst.com\/en\/wp-json\/wp\/v2\/types\/product"}],"wp:featuredmedia":[{"embeddable":true,"href":"https:\/\/engel-kunst.com\/en\/wp-json\/wp\/v2\/media\/52873"}],"wp:attachment":[{"href":"https:\/\/engel-kunst.com\/en\/wp-json\/wp\/v2\/media?parent=52872"}],"wp:term":[{"taxonomy":"product_brand","embeddable":true,"href":"https:\/\/engel-kunst.com\/en\/wp-json\/wp\/v2\/product_brand?post=52872"},{"taxonomy":"product_cat","embeddable":true,"href":"https:\/\/engel-kunst.com\/en\/wp-json\/wp\/v2\/product_cat?post=52872"},{"taxonomy":"product_tag","embeddable":true,"href":"https:\/\/engel-kunst.com\/en\/wp-json\/wp\/v2\/product_tag?post=52872"}],"curies":[{"name":"wp","href":"https:\/\/api.w.org\/{rel}","templated":true}]}}