{"id":52878,"date":"2025-08-11T12:28:57","date_gmt":"2025-08-11T10:28:57","guid":{"rendered":"https:\/\/engel-kunst.com\/auktion-objekt\/schraenkchen\/"},"modified":"2025-11-03T18:44:28","modified_gmt":"2025-11-03T17:44:28","slug":"schraenkchen","status":"publish","type":"product","link":"https:\/\/engel-kunst.com\/en\/auktion-objekt\/schraenkchen\/","title":{"rendered":"Schr\u00e4nkchen"},"content":{"rendered":"<p>Schr\u00e4nkchen<br \/>\nDeutsch, 19. Jh.. Nadelholz. Dunkelrot gefasst, bunte Bauernmalerei. T\u00fcr mit glatter Rahmenf\u00fcllung, darunter offenes Gefach, vorkragendes Profilgesims. Innen zwei Ablageb\u00f6den und zwei Schubladen (Griffe wurden entfernt). H 73,5 cm, B 53 cm, T 24 cm. Zustand B\/C (partiell alter Wurmbefall). <\/p>\n","protected":false},"excerpt":{"rendered":"<p>Schr\u00e4nkchen<br \/>\nDeutsch, 19. Jh.. Nadelholz. Dunkelrot gefasst, bunte Bauernmalerei. T\u00fcr mit glatter Rahmenf\u00fcllung, darunter offenes Gefach, vorkragendes Profilgesims. Innen zwei Ablageb\u00f6den und zwei Schubladen (Griffe wurden entfernt). H 73,5 cm, B 53 cm, T 24 cm. Zustand B\/C (partiell alter Wurmbefall).<br \/>\n\u20ac 50<\/p>\n","protected":false},"featured_media":52879,"template":"","meta":{"_acf_changed":false,"_seopress_robots_primary_cat":"","_seopress_titles_title":"","_seopress_titles_desc":"","_seopress_robots_index":""},"product_brand":[],"product_cat":[41],"product_tag":[51],"class_list":{"0":"post-52878","1":"product","2":"type-product","3":"status-publish","4":"has-post-thumbnail","6":"auktion-versteigerung-150","7":"auktion-archiv","8":"product_cat-einrichtungsgegenstaende","9":"product_tag-schriftlich","10":"sales-flash-overlay","11":"woocommerce-text-align-left","12":"woocommerce-image-align-center","14":"first","15":"outofstock","16":"sold-individually","17":"purchasable","18":"product-type-simple"},"acf":[],"_links":{"self":[{"href":"https:\/\/engel-kunst.com\/en\/wp-json\/wp\/v2\/product\/52878","targetHints":{"allow":["GET"]}}],"collection":[{"href":"https:\/\/engel-kunst.com\/en\/wp-json\/wp\/v2\/product"}],"about":[{"href":"https:\/\/engel-kunst.com\/en\/wp-json\/wp\/v2\/types\/product"}],"wp:featuredmedia":[{"embeddable":true,"href":"https:\/\/engel-kunst.com\/en\/wp-json\/wp\/v2\/media\/52879"}],"wp:attachment":[{"href":"https:\/\/engel-kunst.com\/en\/wp-json\/wp\/v2\/media?parent=52878"}],"wp:term":[{"taxonomy":"product_brand","embeddable":true,"href":"https:\/\/engel-kunst.com\/en\/wp-json\/wp\/v2\/product_brand?post=52878"},{"taxonomy":"product_cat","embeddable":true,"href":"https:\/\/engel-kunst.com\/en\/wp-json\/wp\/v2\/product_cat?post=52878"},{"taxonomy":"product_tag","embeddable":true,"href":"https:\/\/engel-kunst.com\/en\/wp-json\/wp\/v2\/product_tag?post=52878"}],"curies":[{"name":"wp","href":"https:\/\/api.w.org\/{rel}","templated":true}]}}