{"id":52880,"date":"2025-08-11T12:28:57","date_gmt":"2025-08-11T10:28:57","guid":{"rendered":"https:\/\/engel-kunst.com\/auktion-objekt\/flachdeckeltruhe-3\/"},"modified":"2025-11-03T18:44:28","modified_gmt":"2025-11-03T17:44:28","slug":"flachdeckeltruhe-3","status":"publish","type":"product","link":"https:\/\/engel-kunst.com\/en\/auktion-objekt\/flachdeckeltruhe-3\/","title":{"rendered":"Flachdeckeltruhe"},"content":{"rendered":"<p>Flachdeckeltruhe<br \/>\nDeutsch, ca. Ende 18. Jh.. Nadelholz, braun gefasst, bunte Blumen- und Figurenbemalung. Eisenbeschl\u00e4ge, Eisenschloss (Teile fehlen). Gedr\u00fcckte Kugelf\u00fc\u00dfe. Flachdeckel mit sp\u00e4teren Erg\u00e4nzungen. Innen vorgesehenes Gefach mit Klappdeckel fehlt. H 65,5 cm, L 138 cm, B 66 cm. Zustand C.<\/p>\n","protected":false},"excerpt":{"rendered":"<p>Flachdeckeltruhe<br \/>\nDeutsch, ca. Ende 18. Jh.. Nadelholz, braun gefasst, bunte Blumen- und Figurenbemalung. Eisenbeschl\u00e4ge, Eisenschloss (Teile fehlen). Gedr\u00fcckte Kugelf\u00fc\u00dfe. Flachdeckel mit sp\u00e4teren Erg\u00e4nzungen. Innen vorgesehenes Gefach mit Klappdeckel fehlt. H 65,5 cm, L 138 cm, B 66 cm. Zustand C.<br \/>\n\u20ac 150<\/p>\n","protected":false},"featured_media":52881,"template":"","meta":{"_acf_changed":false,"_seopress_robots_primary_cat":"","_seopress_titles_title":"","_seopress_titles_desc":"","_seopress_robots_index":""},"product_brand":[],"product_cat":[41],"product_tag":[51],"class_list":{"0":"post-52880","1":"product","2":"type-product","3":"status-publish","4":"has-post-thumbnail","6":"auktion-versteigerung-150","7":"auktion-archiv","8":"product_cat-einrichtungsgegenstaende","9":"product_tag-schriftlich","10":"sales-flash-overlay","11":"woocommerce-text-align-left","12":"woocommerce-image-align-center","14":"first","15":"outofstock","16":"sold-individually","17":"purchasable","18":"product-type-simple"},"acf":[],"_links":{"self":[{"href":"https:\/\/engel-kunst.com\/en\/wp-json\/wp\/v2\/product\/52880","targetHints":{"allow":["GET"]}}],"collection":[{"href":"https:\/\/engel-kunst.com\/en\/wp-json\/wp\/v2\/product"}],"about":[{"href":"https:\/\/engel-kunst.com\/en\/wp-json\/wp\/v2\/types\/product"}],"wp:featuredmedia":[{"embeddable":true,"href":"https:\/\/engel-kunst.com\/en\/wp-json\/wp\/v2\/media\/52881"}],"wp:attachment":[{"href":"https:\/\/engel-kunst.com\/en\/wp-json\/wp\/v2\/media?parent=52880"}],"wp:term":[{"taxonomy":"product_brand","embeddable":true,"href":"https:\/\/engel-kunst.com\/en\/wp-json\/wp\/v2\/product_brand?post=52880"},{"taxonomy":"product_cat","embeddable":true,"href":"https:\/\/engel-kunst.com\/en\/wp-json\/wp\/v2\/product_cat?post=52880"},{"taxonomy":"product_tag","embeddable":true,"href":"https:\/\/engel-kunst.com\/en\/wp-json\/wp\/v2\/product_tag?post=52880"}],"curies":[{"name":"wp","href":"https:\/\/api.w.org\/{rel}","templated":true}]}}