{"id":52884,"date":"2025-08-11T12:28:57","date_gmt":"2025-08-11T10:28:57","guid":{"rendered":"https:\/\/engel-kunst.com\/auktion-objekt\/saeulentisch\/"},"modified":"2025-11-03T18:44:29","modified_gmt":"2025-11-03T17:44:29","slug":"saeulentisch","status":"publish","type":"product","link":"https:\/\/engel-kunst.com\/en\/auktion-objekt\/saeulentisch\/","title":{"rendered":"S\u00e4ulentisch"},"content":{"rendered":"<p>S\u00e4ulentisch<br \/>\nDeutsch, 1. H\u00e4lfte 19. Jh.. Nussbaum furniert, poliert, Blindholz Nadelholz. Feines, ausgesuchtes Nusswurzelfurnier. Runde Platte mit glatter Zarge, balusterf\u00f6rmiger Unterbau auf dreif\u00fc\u00dfigem Sockel. H 70,3 cm, D 105 cm. Zustand B.<\/p>\n","protected":false},"excerpt":{"rendered":"<p>S\u00e4ulentisch<br \/>\nDeutsch, 1. H\u00e4lfte 19. Jh.. Nussbaum furniert, poliert, Blindholz Nadelholz. Feines, ausgesuchtes Nusswurzelfurnier. Runde Platte mit glatter Zarge, balusterf\u00f6rmiger Unterbau auf dreif\u00fc\u00dfigem Sockel. H 70,3 cm, D 105 cm. Zustand B.<br \/>\n\u20ac 200<\/p>\n","protected":false},"featured_media":52885,"template":"","meta":{"_acf_changed":false,"_seopress_robots_primary_cat":"","_seopress_titles_title":"","_seopress_titles_desc":"","_seopress_robots_index":""},"product_brand":[],"product_cat":[41],"product_tag":[51],"class_list":{"0":"post-52884","1":"product","2":"type-product","3":"status-publish","4":"has-post-thumbnail","6":"auktion-versteigerung-150","7":"auktion-archiv","8":"product_cat-einrichtungsgegenstaende","9":"product_tag-schriftlich","10":"sales-flash-overlay","11":"woocommerce-text-align-left","12":"woocommerce-image-align-center","14":"first","15":"outofstock","16":"sold-individually","17":"purchasable","18":"product-type-simple"},"acf":[],"_links":{"self":[{"href":"https:\/\/engel-kunst.com\/en\/wp-json\/wp\/v2\/product\/52884","targetHints":{"allow":["GET"]}}],"collection":[{"href":"https:\/\/engel-kunst.com\/en\/wp-json\/wp\/v2\/product"}],"about":[{"href":"https:\/\/engel-kunst.com\/en\/wp-json\/wp\/v2\/types\/product"}],"wp:featuredmedia":[{"embeddable":true,"href":"https:\/\/engel-kunst.com\/en\/wp-json\/wp\/v2\/media\/52885"}],"wp:attachment":[{"href":"https:\/\/engel-kunst.com\/en\/wp-json\/wp\/v2\/media?parent=52884"}],"wp:term":[{"taxonomy":"product_brand","embeddable":true,"href":"https:\/\/engel-kunst.com\/en\/wp-json\/wp\/v2\/product_brand?post=52884"},{"taxonomy":"product_cat","embeddable":true,"href":"https:\/\/engel-kunst.com\/en\/wp-json\/wp\/v2\/product_cat?post=52884"},{"taxonomy":"product_tag","embeddable":true,"href":"https:\/\/engel-kunst.com\/en\/wp-json\/wp\/v2\/product_tag?post=52884"}],"curies":[{"name":"wp","href":"https:\/\/api.w.org\/{rel}","templated":true}]}}