{"id":52896,"date":"2025-08-11T12:29:03","date_gmt":"2025-08-11T10:29:03","guid":{"rendered":"https:\/\/engel-kunst.com\/auktion-objekt\/konsoltisch-2\/"},"modified":"2025-11-03T18:44:31","modified_gmt":"2025-11-03T17:44:31","slug":"konsoltisch-2","status":"publish","type":"product","link":"https:\/\/engel-kunst.com\/en\/auktion-objekt\/konsoltisch-2\/","title":{"rendered":"Konsoltisch"},"content":{"rendered":"<p>Konsoltisch<br \/>\nWohl deutsch, 19. Jh.. Holz, wei\u00df gefasst, vergoldeter, sp\u00e4ter mit Goldbronze \u00fcbermalter Stuck. Wei\u00dfe Marmorplatte mit vorn geschwungener Profilkante. H 46 cm, L 76 cm, B 33 cm. Zustand C (stellenweise etwas fehlender Stuck).<\/p>\n","protected":false},"excerpt":{"rendered":"<p>Konsoltisch<br \/>\nWohl deutsch, 19. Jh.. Holz, wei\u00df gefasst, vergoldeter, sp\u00e4ter mit Goldbronze \u00fcbermalter Stuck. Wei\u00dfe Marmorplatte mit vorn geschwungener Profilkante. H 46 cm, L 76 cm, B 33 cm. Zustand C (stellenweise etwas fehlender Stuck).<br \/>\n\u20ac 50<\/p>\n","protected":false},"featured_media":52897,"template":"","meta":{"_acf_changed":false,"_seopress_robots_primary_cat":"","_seopress_titles_title":"","_seopress_titles_desc":"","_seopress_robots_index":""},"product_brand":[],"product_cat":[41],"product_tag":[51],"class_list":{"0":"post-52896","1":"product","2":"type-product","3":"status-publish","4":"has-post-thumbnail","6":"auktion-versteigerung-150","7":"auktion-archiv","8":"product_cat-einrichtungsgegenstaende","9":"product_tag-schriftlich","10":"sales-flash-overlay","11":"woocommerce-text-align-left","12":"woocommerce-image-align-center","14":"first","15":"outofstock","16":"sold-individually","17":"purchasable","18":"product-type-simple"},"acf":[],"_links":{"self":[{"href":"https:\/\/engel-kunst.com\/en\/wp-json\/wp\/v2\/product\/52896","targetHints":{"allow":["GET"]}}],"collection":[{"href":"https:\/\/engel-kunst.com\/en\/wp-json\/wp\/v2\/product"}],"about":[{"href":"https:\/\/engel-kunst.com\/en\/wp-json\/wp\/v2\/types\/product"}],"wp:featuredmedia":[{"embeddable":true,"href":"https:\/\/engel-kunst.com\/en\/wp-json\/wp\/v2\/media\/52897"}],"wp:attachment":[{"href":"https:\/\/engel-kunst.com\/en\/wp-json\/wp\/v2\/media?parent=52896"}],"wp:term":[{"taxonomy":"product_brand","embeddable":true,"href":"https:\/\/engel-kunst.com\/en\/wp-json\/wp\/v2\/product_brand?post=52896"},{"taxonomy":"product_cat","embeddable":true,"href":"https:\/\/engel-kunst.com\/en\/wp-json\/wp\/v2\/product_cat?post=52896"},{"taxonomy":"product_tag","embeddable":true,"href":"https:\/\/engel-kunst.com\/en\/wp-json\/wp\/v2\/product_tag?post=52896"}],"curies":[{"name":"wp","href":"https:\/\/api.w.org\/{rel}","templated":true}]}}