{"id":52898,"date":"2025-08-11T12:29:07","date_gmt":"2025-08-11T10:29:07","guid":{"rendered":"https:\/\/engel-kunst.com\/auktion-objekt\/barock-eckschrank\/"},"modified":"2025-11-03T18:44:31","modified_gmt":"2025-11-03T17:44:31","slug":"barock-eckschrank","status":"publish","type":"product","link":"https:\/\/engel-kunst.com\/en\/auktion-objekt\/barock-eckschrank\/","title":{"rendered":"Barock Eckschrank"},"content":{"rendered":"<p>Barock Eckschrank<br \/>\nAachen-L\u00fcttich(?), Mitte 18. Jh.. Nussbaum, sch\u00f6ne Schnitzereien, braun gebeizt, Alterspatina, Messingbeschl\u00e4ge. Innen mit Weichholz-Einlegeb\u00f6den. Unterteil mit zwei T\u00fcren. Oberteil eint\u00fcrig, darunter eine verschlie\u00dfbare Klappe. H 244 cm, B 114 cm, T 66,5 cm. Zustand C (partiell alter Wurmbefall, stellenweise etwas altersrissig, mehrere kleinere Zierteile fehlen, zwei Schl\u00f6sser nicht mehr orig.).<\/p>\n","protected":false},"excerpt":{"rendered":"<p>Barock Eckschrank<br \/>\nAachen-L\u00fcttich(?), Mitte 18. Jh.. Nussbaum, sch\u00f6ne Schnitzereien, braun gebeizt, Alterspatina, Messingbeschl\u00e4ge. Innen mit Weichholz-Einlegeb\u00f6den. Unterteil mit zwei T\u00fcren. Oberteil eint\u00fcrig, darunter eine verschlie\u00dfbare Klappe. H 244 cm, B 114 cm, T 66,5 cm. Zustand C (partiell alter Wurmbefall, stellenweise etwas altersrissig, mehrere kleinere Zierteile fehlen, zwei Schl\u00f6sser nicht mehr orig.).<br \/>\n\u20ac 300<\/p>\n","protected":false},"featured_media":52899,"template":"","meta":{"_acf_changed":false,"_seopress_robots_primary_cat":"","_seopress_titles_title":"","_seopress_titles_desc":"","_seopress_robots_index":""},"product_brand":[],"product_cat":[41],"product_tag":[52],"class_list":{"0":"post-52898","1":"product","2":"type-product","3":"status-publish","4":"has-post-thumbnail","6":"auktion-versteigerung-150","7":"auktion-archiv","8":"product_cat-einrichtungsgegenstaende","9":"product_tag-telefon","10":"sales-flash-overlay","11":"woocommerce-text-align-left","12":"woocommerce-image-align-center","14":"first","15":"outofstock","16":"sold-individually","17":"purchasable","18":"product-type-simple"},"acf":[],"_links":{"self":[{"href":"https:\/\/engel-kunst.com\/en\/wp-json\/wp\/v2\/product\/52898","targetHints":{"allow":["GET"]}}],"collection":[{"href":"https:\/\/engel-kunst.com\/en\/wp-json\/wp\/v2\/product"}],"about":[{"href":"https:\/\/engel-kunst.com\/en\/wp-json\/wp\/v2\/types\/product"}],"wp:featuredmedia":[{"embeddable":true,"href":"https:\/\/engel-kunst.com\/en\/wp-json\/wp\/v2\/media\/52899"}],"wp:attachment":[{"href":"https:\/\/engel-kunst.com\/en\/wp-json\/wp\/v2\/media?parent=52898"}],"wp:term":[{"taxonomy":"product_brand","embeddable":true,"href":"https:\/\/engel-kunst.com\/en\/wp-json\/wp\/v2\/product_brand?post=52898"},{"taxonomy":"product_cat","embeddable":true,"href":"https:\/\/engel-kunst.com\/en\/wp-json\/wp\/v2\/product_cat?post=52898"},{"taxonomy":"product_tag","embeddable":true,"href":"https:\/\/engel-kunst.com\/en\/wp-json\/wp\/v2\/product_tag?post=52898"}],"curies":[{"name":"wp","href":"https:\/\/api.w.org\/{rel}","templated":true}]}}