{"id":52906,"date":"2025-08-11T12:29:07","date_gmt":"2025-08-11T10:29:07","guid":{"rendered":"https:\/\/engel-kunst.com\/auktion-objekt\/dekorative-sitzgruppe-fuer-garten-und-terrasse\/"},"modified":"2025-11-03T18:44:32","modified_gmt":"2025-11-03T17:44:32","slug":"dekorative-sitzgruppe-fuer-garten-und-terrasse","status":"publish","type":"product","link":"https:\/\/engel-kunst.com\/en\/auktion-objekt\/dekorative-sitzgruppe-fuer-garten-und-terrasse\/","title":{"rendered":"Dekorative Sitzgruppe f\u00fcr Garten und Terrasse"},"content":{"rendered":"<p>Dekorative Sitzgruppe f\u00fcr Garten und Terrasse<br \/>\nTisch: Gestell Eisenguss, wei\u00dfer \u00d6lfarbenanstrich, wei\u00df-graue Marmorplatte. H 75 cm, L 119,5 cm, B 60 cm. Zustand B. Vier St\u00fchle: Hartholz, braun gebeizt. Runde R\u00fcckenlehne in Armlehnen auslaufend, Sprossenverzierungen, Sitzfl\u00e4che aus Holzleisten. H 85,5 cm, B 61 cm, T Sitz 49,5 cm. Zustand B\/C.<\/p>\n","protected":false},"excerpt":{"rendered":"<p>Dekorative Sitzgruppe f\u00fcr Garten und Terrasse<br \/>\nTisch: Gestell Eisenguss, wei\u00dfer \u00d6lfarbenanstrich, wei\u00df-graue Marmorplatte. H 75 cm, L 119,5 cm, B 60 cm. Zustand B. Vier St\u00fchle: Hartholz, braun gebeizt. Runde R\u00fcckenlehne in Armlehnen auslaufend, Sprossenverzierungen, Sitzfl\u00e4che aus Holzleisten. H 85,5 cm, B 61 cm, T Sitz 49,5 cm. Zustand B\/C.<br \/>\n\u20ac 360<\/p>\n","protected":false},"featured_media":52907,"template":"","meta":{"_acf_changed":false,"_seopress_robots_primary_cat":"","_seopress_titles_title":"","_seopress_titles_desc":"","_seopress_robots_index":""},"product_brand":[],"product_cat":[41],"product_tag":[52],"class_list":{"0":"post-52906","1":"product","2":"type-product","3":"status-publish","4":"has-post-thumbnail","6":"auktion-versteigerung-150","7":"auktion-archiv","8":"product_cat-einrichtungsgegenstaende","9":"product_tag-telefon","10":"sales-flash-overlay","11":"woocommerce-text-align-left","12":"woocommerce-image-align-center","14":"first","15":"outofstock","16":"sold-individually","17":"purchasable","18":"product-type-simple"},"acf":[],"_links":{"self":[{"href":"https:\/\/engel-kunst.com\/en\/wp-json\/wp\/v2\/product\/52906","targetHints":{"allow":["GET"]}}],"collection":[{"href":"https:\/\/engel-kunst.com\/en\/wp-json\/wp\/v2\/product"}],"about":[{"href":"https:\/\/engel-kunst.com\/en\/wp-json\/wp\/v2\/types\/product"}],"wp:featuredmedia":[{"embeddable":true,"href":"https:\/\/engel-kunst.com\/en\/wp-json\/wp\/v2\/media\/52907"}],"wp:attachment":[{"href":"https:\/\/engel-kunst.com\/en\/wp-json\/wp\/v2\/media?parent=52906"}],"wp:term":[{"taxonomy":"product_brand","embeddable":true,"href":"https:\/\/engel-kunst.com\/en\/wp-json\/wp\/v2\/product_brand?post=52906"},{"taxonomy":"product_cat","embeddable":true,"href":"https:\/\/engel-kunst.com\/en\/wp-json\/wp\/v2\/product_cat?post=52906"},{"taxonomy":"product_tag","embeddable":true,"href":"https:\/\/engel-kunst.com\/en\/wp-json\/wp\/v2\/product_tag?post=52906"}],"curies":[{"name":"wp","href":"https:\/\/api.w.org\/{rel}","templated":true}]}}