{"id":52908,"date":"2025-08-11T12:29:12","date_gmt":"2025-08-11T10:29:12","guid":{"rendered":"https:\/\/engel-kunst.com\/auktion-objekt\/sitzgruppe-fuer-garten-und-terrasse\/"},"modified":"2025-11-03T18:44:34","modified_gmt":"2025-11-03T17:44:34","slug":"sitzgruppe-fuer-garten-und-terrasse","status":"publish","type":"product","link":"https:\/\/engel-kunst.com\/en\/auktion-objekt\/sitzgruppe-fuer-garten-und-terrasse\/","title":{"rendered":"Sitzgruppe f\u00fcr Garten und Terrasse"},"content":{"rendered":"<p>Sitzgruppe f\u00fcr Garten und Terrasse<br \/>\nTisch: runde Platte Eiche. Gegliederte Reliefs\u00e4ule auf drei geschwungenen Relieff\u00fc\u00dfen grau patinierter Eisenguss. H 73,5 cm, D 59,3 cm. Zustand B. Zwei St\u00fchle: Hartholz, hellbraun gebeizt. Hohe R\u00fcckenlehne mit Sprossen, Sitz aus Holzleisten, Beine mit Verstrebung. H 105 cm, B 45,5 cm, T Sitz 42,5 cm. Zustand B.<\/p>\n","protected":false},"excerpt":{"rendered":"<p>Sitzgruppe f\u00fcr Garten und Terrasse<br \/>\nTisch: runde Platte Eiche. Gegliederte Reliefs\u00e4ule auf drei geschwungenen Relieff\u00fc\u00dfen grau patinierter Eisenguss. H 73,5 cm, D 59,3 cm. Zustand B. Zwei St\u00fchle: Hartholz, hellbraun gebeizt. Hohe R\u00fcckenlehne mit Sprossen, Sitz aus Holzleisten, Beine mit Verstrebung. H 105 cm, B 45,5 cm, T Sitz 42,5 cm. Zustand B.<br \/>\n\u20ac 150<\/p>\n","protected":false},"featured_media":52909,"template":"","meta":{"_acf_changed":false,"_seopress_robots_primary_cat":"","_seopress_titles_title":"","_seopress_titles_desc":"","_seopress_robots_index":""},"product_brand":[],"product_cat":[41],"product_tag":[51],"class_list":{"0":"post-52908","1":"product","2":"type-product","3":"status-publish","4":"has-post-thumbnail","6":"auktion-versteigerung-150","7":"auktion-archiv","8":"product_cat-einrichtungsgegenstaende","9":"product_tag-schriftlich","10":"sales-flash-overlay","11":"woocommerce-text-align-left","12":"woocommerce-image-align-center","14":"first","15":"outofstock","16":"sold-individually","17":"purchasable","18":"product-type-simple"},"acf":[],"_links":{"self":[{"href":"https:\/\/engel-kunst.com\/en\/wp-json\/wp\/v2\/product\/52908","targetHints":{"allow":["GET"]}}],"collection":[{"href":"https:\/\/engel-kunst.com\/en\/wp-json\/wp\/v2\/product"}],"about":[{"href":"https:\/\/engel-kunst.com\/en\/wp-json\/wp\/v2\/types\/product"}],"wp:featuredmedia":[{"embeddable":true,"href":"https:\/\/engel-kunst.com\/en\/wp-json\/wp\/v2\/media\/52909"}],"wp:attachment":[{"href":"https:\/\/engel-kunst.com\/en\/wp-json\/wp\/v2\/media?parent=52908"}],"wp:term":[{"taxonomy":"product_brand","embeddable":true,"href":"https:\/\/engel-kunst.com\/en\/wp-json\/wp\/v2\/product_brand?post=52908"},{"taxonomy":"product_cat","embeddable":true,"href":"https:\/\/engel-kunst.com\/en\/wp-json\/wp\/v2\/product_cat?post=52908"},{"taxonomy":"product_tag","embeddable":true,"href":"https:\/\/engel-kunst.com\/en\/wp-json\/wp\/v2\/product_tag?post=52908"}],"curies":[{"name":"wp","href":"https:\/\/api.w.org\/{rel}","templated":true}]}}