{"id":52912,"date":"2025-08-11T12:29:12","date_gmt":"2025-08-11T10:29:12","guid":{"rendered":"https:\/\/engel-kunst.com\/auktion-objekt\/paar-dekorative-tischlampen\/"},"modified":"2025-11-03T18:44:35","modified_gmt":"2025-11-03T17:44:35","slug":"paar-dekorative-tischlampen","status":"publish","type":"product","link":"https:\/\/engel-kunst.com\/en\/auktion-objekt\/paar-dekorative-tischlampen\/","title":{"rendered":"Paar dekorative Tischlampen"},"content":{"rendered":"<p>Paar Tischlampen<br \/>\nFu\u00df aus wei\u00dfgrauem Alabaster, beschnitzt und poliert. Ohne Lampenschirme. Stellenweise kleine Besto\u00dfungen. H ca. 56 cm.<\/p>\n","protected":false},"excerpt":{"rendered":"<p>Paar Tischlampen<br \/>\nFu\u00df aus wei\u00dfgrauem Alabaster, beschnitzt und poliert. Ohne Lampenschirme. Stellenweise kleine Besto\u00dfungen. H ca. 56 cm.<br \/>\n\u20ac 30<\/p>\n","protected":false},"featured_media":52913,"template":"","meta":{"_acf_changed":false,"_seopress_robots_primary_cat":"","_seopress_titles_title":"","_seopress_titles_desc":"","_seopress_robots_index":""},"product_brand":[],"product_cat":[41],"product_tag":[51],"class_list":{"0":"post-52912","1":"product","2":"type-product","3":"status-publish","4":"has-post-thumbnail","6":"auktion-versteigerung-150","7":"auktion-archiv","8":"product_cat-einrichtungsgegenstaende","9":"product_tag-schriftlich","10":"sales-flash-overlay","11":"woocommerce-text-align-left","12":"woocommerce-image-align-center","14":"first","15":"outofstock","16":"sold-individually","17":"purchasable","18":"product-type-simple"},"acf":[],"_links":{"self":[{"href":"https:\/\/engel-kunst.com\/en\/wp-json\/wp\/v2\/product\/52912","targetHints":{"allow":["GET"]}}],"collection":[{"href":"https:\/\/engel-kunst.com\/en\/wp-json\/wp\/v2\/product"}],"about":[{"href":"https:\/\/engel-kunst.com\/en\/wp-json\/wp\/v2\/types\/product"}],"wp:featuredmedia":[{"embeddable":true,"href":"https:\/\/engel-kunst.com\/en\/wp-json\/wp\/v2\/media\/52913"}],"wp:attachment":[{"href":"https:\/\/engel-kunst.com\/en\/wp-json\/wp\/v2\/media?parent=52912"}],"wp:term":[{"taxonomy":"product_brand","embeddable":true,"href":"https:\/\/engel-kunst.com\/en\/wp-json\/wp\/v2\/product_brand?post=52912"},{"taxonomy":"product_cat","embeddable":true,"href":"https:\/\/engel-kunst.com\/en\/wp-json\/wp\/v2\/product_cat?post=52912"},{"taxonomy":"product_tag","embeddable":true,"href":"https:\/\/engel-kunst.com\/en\/wp-json\/wp\/v2\/product_tag?post=52912"}],"curies":[{"name":"wp","href":"https:\/\/api.w.org\/{rel}","templated":true}]}}