{"id":52920,"date":"2025-08-11T12:29:18","date_gmt":"2025-08-11T10:29:18","guid":{"rendered":"https:\/\/engel-kunst.com\/auktion-objekt\/etagere-2\/"},"modified":"2025-11-03T18:44:36","modified_gmt":"2025-11-03T17:44:36","slug":"etagere-2","status":"publish","type":"product","link":"https:\/\/engel-kunst.com\/en\/auktion-objekt\/etagere-2\/","title":{"rendered":"Etag\u00e8re"},"content":{"rendered":"<p>Etag\u00e8re<br \/>\nIm Stil des 18. Jhs.. Buche massiv und furniert, hellbraun gebeizt. Runder Kasten mit Schublade und grau-wei\u00dfer Marmorplatte, drei Leistenbeine in geschwungene F\u00fc\u00dfe auslaufend. Unten eine runde Ablage. Dekorative Messingbeschl\u00e4ge. H 84 cm, D 35,5 cm. Zustand B\/C.<\/p>\n","protected":false},"excerpt":{"rendered":"<p>Etag\u00e8re<br \/>\nIm Stil des 18. Jhs.. Buche massiv und furniert, hellbraun gebeizt. Runder Kasten mit Schublade und grau-wei\u00dfer Marmorplatte, drei Leistenbeine in geschwungene F\u00fc\u00dfe auslaufend. Unten eine runde Ablage. Dekorative Messingbeschl\u00e4ge. H 84 cm, D 35,5 cm. Zustand B\/C.<br \/>\n\u20ac 30<\/p>\n","protected":false},"featured_media":52921,"template":"","meta":{"_acf_changed":false,"_seopress_robots_primary_cat":"","_seopress_titles_title":"","_seopress_titles_desc":"","_seopress_robots_index":""},"product_brand":[],"product_cat":[41],"product_tag":[51],"class_list":{"0":"post-52920","1":"product","2":"type-product","3":"status-publish","4":"has-post-thumbnail","6":"auktion-versteigerung-150","7":"auktion-archiv","8":"product_cat-einrichtungsgegenstaende","9":"product_tag-schriftlich","10":"sales-flash-overlay","11":"woocommerce-text-align-left","12":"woocommerce-image-align-center","14":"first","15":"outofstock","16":"sold-individually","17":"purchasable","18":"product-type-simple"},"acf":[],"_links":{"self":[{"href":"https:\/\/engel-kunst.com\/en\/wp-json\/wp\/v2\/product\/52920","targetHints":{"allow":["GET"]}}],"collection":[{"href":"https:\/\/engel-kunst.com\/en\/wp-json\/wp\/v2\/product"}],"about":[{"href":"https:\/\/engel-kunst.com\/en\/wp-json\/wp\/v2\/types\/product"}],"wp:featuredmedia":[{"embeddable":true,"href":"https:\/\/engel-kunst.com\/en\/wp-json\/wp\/v2\/media\/52921"}],"wp:attachment":[{"href":"https:\/\/engel-kunst.com\/en\/wp-json\/wp\/v2\/media?parent=52920"}],"wp:term":[{"taxonomy":"product_brand","embeddable":true,"href":"https:\/\/engel-kunst.com\/en\/wp-json\/wp\/v2\/product_brand?post=52920"},{"taxonomy":"product_cat","embeddable":true,"href":"https:\/\/engel-kunst.com\/en\/wp-json\/wp\/v2\/product_cat?post=52920"},{"taxonomy":"product_tag","embeddable":true,"href":"https:\/\/engel-kunst.com\/en\/wp-json\/wp\/v2\/product_tag?post=52920"}],"curies":[{"name":"wp","href":"https:\/\/api.w.org\/{rel}","templated":true}]}}