{"id":52922,"date":"2025-08-11T12:29:18","date_gmt":"2025-08-11T10:29:18","guid":{"rendered":"https:\/\/engel-kunst.com\/auktion-objekt\/art-deco-vitrinenschrank\/"},"modified":"2025-11-03T18:44:36","modified_gmt":"2025-11-03T17:44:36","slug":"art-deco-vitrinenschrank","status":"publish","type":"product","link":"https:\/\/engel-kunst.com\/en\/auktion-objekt\/art-deco-vitrinenschrank\/","title":{"rendered":"Art D\u00e9co-Vitrinenschrank"},"content":{"rendered":"<p>Art D\u00e9co-Vitrinenschrank<br \/>\nWohl deutsch, 1. Drittel 20. Jh.. Ausgesuchtes Nussbaumfurnier. Zwei T\u00fcren mit ornamental gestalteter Bleiverglasung, flankiert von Halbs\u00e4ulen. Runde Vorderecken, flaches, etwas zur\u00fcckgesetztes Gesims. Innen drei orig. Ablagebretter. H 165 cm, B 120 cm, T 41 cm. Zustand B\/C (Gebrauchsspuren, stellenweise kleine Furnierfehlstellen).<\/p>\n","protected":false},"excerpt":{"rendered":"<p>Art D\u00e9co-Vitrinenschrank<br \/>\nWohl deutsch, 1. Drittel 20. Jh.. Ausgesuchtes Nussbaumfurnier. Zwei T\u00fcren mit ornamental gestalteter Bleiverglasung, flankiert von Halbs\u00e4ulen. Runde Vorderecken, flaches, etwas zur\u00fcckgesetztes Gesims. Innen drei orig. Ablagebretter. H 165 cm, B 120 cm, T 41 cm. Zustand B\/C (Gebrauchsspuren, stellenweise kleine Furnierfehlstellen).<br \/>\n\u20ac 180<\/p>\n","protected":false},"featured_media":52923,"template":"","meta":{"_acf_changed":false,"_seopress_robots_primary_cat":"","_seopress_titles_title":"","_seopress_titles_desc":"","_seopress_robots_index":""},"product_brand":[],"product_cat":[41],"product_tag":[51],"class_list":{"0":"post-52922","1":"product","2":"type-product","3":"status-publish","4":"has-post-thumbnail","6":"auktion-versteigerung-150","7":"auktion-archiv","8":"product_cat-einrichtungsgegenstaende","9":"product_tag-schriftlich","10":"sales-flash-overlay","11":"woocommerce-text-align-left","12":"woocommerce-image-align-center","14":"first","15":"outofstock","16":"sold-individually","17":"purchasable","18":"product-type-simple"},"acf":[],"_links":{"self":[{"href":"https:\/\/engel-kunst.com\/en\/wp-json\/wp\/v2\/product\/52922","targetHints":{"allow":["GET"]}}],"collection":[{"href":"https:\/\/engel-kunst.com\/en\/wp-json\/wp\/v2\/product"}],"about":[{"href":"https:\/\/engel-kunst.com\/en\/wp-json\/wp\/v2\/types\/product"}],"wp:featuredmedia":[{"embeddable":true,"href":"https:\/\/engel-kunst.com\/en\/wp-json\/wp\/v2\/media\/52923"}],"wp:attachment":[{"href":"https:\/\/engel-kunst.com\/en\/wp-json\/wp\/v2\/media?parent=52922"}],"wp:term":[{"taxonomy":"product_brand","embeddable":true,"href":"https:\/\/engel-kunst.com\/en\/wp-json\/wp\/v2\/product_brand?post=52922"},{"taxonomy":"product_cat","embeddable":true,"href":"https:\/\/engel-kunst.com\/en\/wp-json\/wp\/v2\/product_cat?post=52922"},{"taxonomy":"product_tag","embeddable":true,"href":"https:\/\/engel-kunst.com\/en\/wp-json\/wp\/v2\/product_tag?post=52922"}],"curies":[{"name":"wp","href":"https:\/\/api.w.org\/{rel}","templated":true}]}}