{"id":52938,"date":"2025-08-11T12:29:28","date_gmt":"2025-08-11T10:29:28","guid":{"rendered":"https:\/\/engel-kunst.com\/auktion-objekt\/ecksofa\/"},"modified":"2025-11-03T18:44:39","modified_gmt":"2025-11-03T17:44:39","slug":"ecksofa","status":"publish","type":"product","link":"https:\/\/engel-kunst.com\/en\/auktion-objekt\/ecksofa\/","title":{"rendered":"Ecksofa"},"content":{"rendered":"<p>Ecksofa<br \/>\nAus zwei Elementen bestehend: 3-Sitzer und Ottomane. Hersteller: Ligne Roset, Frankreich. In die Bezugnaht eingen\u00e4htes textiles Herstelleretikett. 1990er Jahre. Sockelrahmen und F\u00fc\u00dfe silbergrau beschichteter Stahl. Bez\u00fcge aus grauem Alcantara. Lose R\u00fcckenkissen. 3-Sitzer: L 185 cm, B 93 cm, H 74 cm. Ottomane: L 186 cm, B 93 cm, H 74 cm. Zustand B (sehr gepflegter Erhaltungszustand, F\u00fc\u00dfe stellenweise etwas best..).<\/p>\n","protected":false},"excerpt":{"rendered":"<p>Ecksofa<br \/>\nAus zwei Elementen bestehend: 3-Sitzer und Ottomane. Hersteller: Ligne Roset, Frankreich. In die Bezugnaht eingen\u00e4htes textiles Herstelleretikett. 1990er Jahre. Sockelrahmen und F\u00fc\u00dfe silbergrau beschichteter Stahl. Bez\u00fcge aus grauem Alcantara. Lose R\u00fcckenkissen. 3-Sitzer: L 185 cm, B 93 cm, H 74 cm. Ottomane: L 186 cm, B 93 cm, H 74 cm. Zustand B (sehr gepflegter Erhaltungszustand, F\u00fc\u00dfe stellenweise etwas best..).<br \/>\n\u20ac 260<\/p>\n","protected":false},"featured_media":52939,"template":"","meta":{"_acf_changed":false,"_seopress_robots_primary_cat":"","_seopress_titles_title":"","_seopress_titles_desc":"","_seopress_robots_index":""},"product_brand":[],"product_cat":[41],"product_tag":[52],"class_list":{"0":"post-52938","1":"product","2":"type-product","3":"status-publish","4":"has-post-thumbnail","6":"auktion-versteigerung-150","7":"auktion-archiv","8":"product_cat-einrichtungsgegenstaende","9":"product_tag-telefon","10":"sales-flash-overlay","11":"woocommerce-text-align-left","12":"woocommerce-image-align-center","14":"first","15":"outofstock","16":"sold-individually","17":"purchasable","18":"product-type-simple"},"acf":[],"_links":{"self":[{"href":"https:\/\/engel-kunst.com\/en\/wp-json\/wp\/v2\/product\/52938","targetHints":{"allow":["GET"]}}],"collection":[{"href":"https:\/\/engel-kunst.com\/en\/wp-json\/wp\/v2\/product"}],"about":[{"href":"https:\/\/engel-kunst.com\/en\/wp-json\/wp\/v2\/types\/product"}],"wp:featuredmedia":[{"embeddable":true,"href":"https:\/\/engel-kunst.com\/en\/wp-json\/wp\/v2\/media\/52939"}],"wp:attachment":[{"href":"https:\/\/engel-kunst.com\/en\/wp-json\/wp\/v2\/media?parent=52938"}],"wp:term":[{"taxonomy":"product_brand","embeddable":true,"href":"https:\/\/engel-kunst.com\/en\/wp-json\/wp\/v2\/product_brand?post=52938"},{"taxonomy":"product_cat","embeddable":true,"href":"https:\/\/engel-kunst.com\/en\/wp-json\/wp\/v2\/product_cat?post=52938"},{"taxonomy":"product_tag","embeddable":true,"href":"https:\/\/engel-kunst.com\/en\/wp-json\/wp\/v2\/product_tag?post=52938"}],"curies":[{"name":"wp","href":"https:\/\/api.w.org\/{rel}","templated":true}]}}