{"id":52940,"date":"2025-08-11T12:29:28","date_gmt":"2025-08-11T10:29:28","guid":{"rendered":"https:\/\/engel-kunst.com\/auktion-objekt\/modellkommode-2\/"},"modified":"2025-11-03T18:44:39","modified_gmt":"2025-11-03T17:44:39","slug":"modellkommode-2","status":"publish","type":"product","link":"https:\/\/engel-kunst.com\/en\/auktion-objekt\/modellkommode-2\/","title":{"rendered":"Modellkommode"},"content":{"rendered":"<p>Modellkommode<br \/>\nCa. Ende 18. Jh.. Nussbaum furniert, Bandmarketerien aus verschiedenen H\u00f6lzern, Blindholz Nadelholz. Drei Schubladen, gedr\u00fcckte Kugelf\u00fc\u00dfe. Seitlich im Boden versteckter Holzriegel zur Sperrung der Schubladen. H 25 cm, B 29,3 cm, T 17,5 cm. Zustand B\/C (Alters- und Gebrauchsspuren, etwas fehlende Plattenleiste).<\/p>\n","protected":false},"excerpt":{"rendered":"<p>Modellkommode<br \/>\nCa. Ende 18. Jh.. Nussbaum furniert, Bandmarketerien aus verschiedenen H\u00f6lzern, Blindholz Nadelholz. Drei Schubladen, gedr\u00fcckte Kugelf\u00fc\u00dfe. Seitlich im Boden versteckter Holzriegel zur Sperrung der Schubladen. H 25 cm, B 29,3 cm, T 17,5 cm. Zustand B\/C (Alters- und Gebrauchsspuren, etwas fehlende Plattenleiste).<br \/>\n\u20ac 150<\/p>\n","protected":false},"featured_media":52941,"template":"","meta":{"_acf_changed":false,"_seopress_robots_primary_cat":"","_seopress_titles_title":"","_seopress_titles_desc":"","_seopress_robots_index":""},"product_brand":[],"product_cat":[41],"product_tag":[51],"class_list":{"0":"post-52940","1":"product","2":"type-product","3":"status-publish","4":"has-post-thumbnail","6":"auktion-versteigerung-150","7":"auktion-archiv","8":"product_cat-einrichtungsgegenstaende","9":"product_tag-schriftlich","10":"sales-flash-overlay","11":"woocommerce-text-align-left","12":"woocommerce-image-align-center","14":"first","15":"outofstock","16":"sold-individually","17":"purchasable","18":"product-type-simple"},"acf":[],"_links":{"self":[{"href":"https:\/\/engel-kunst.com\/en\/wp-json\/wp\/v2\/product\/52940","targetHints":{"allow":["GET"]}}],"collection":[{"href":"https:\/\/engel-kunst.com\/en\/wp-json\/wp\/v2\/product"}],"about":[{"href":"https:\/\/engel-kunst.com\/en\/wp-json\/wp\/v2\/types\/product"}],"wp:featuredmedia":[{"embeddable":true,"href":"https:\/\/engel-kunst.com\/en\/wp-json\/wp\/v2\/media\/52941"}],"wp:attachment":[{"href":"https:\/\/engel-kunst.com\/en\/wp-json\/wp\/v2\/media?parent=52940"}],"wp:term":[{"taxonomy":"product_brand","embeddable":true,"href":"https:\/\/engel-kunst.com\/en\/wp-json\/wp\/v2\/product_brand?post=52940"},{"taxonomy":"product_cat","embeddable":true,"href":"https:\/\/engel-kunst.com\/en\/wp-json\/wp\/v2\/product_cat?post=52940"},{"taxonomy":"product_tag","embeddable":true,"href":"https:\/\/engel-kunst.com\/en\/wp-json\/wp\/v2\/product_tag?post=52940"}],"curies":[{"name":"wp","href":"https:\/\/api.w.org\/{rel}","templated":true}]}}