{"id":52956,"date":"2025-08-11T12:29:36","date_gmt":"2025-08-11T10:29:36","guid":{"rendered":"https:\/\/engel-kunst.com\/auktion-objekt\/kupferstich-18-jh-4\/"},"modified":"2025-11-03T18:44:43","modified_gmt":"2025-11-03T17:44:43","slug":"kupferstich-18-jh-4","status":"publish","type":"product","link":"https:\/\/engel-kunst.com\/en\/auktion-objekt\/kupferstich-18-jh-4\/","title":{"rendered":"Kupferstich, 18. Jh."},"content":{"rendered":"<p>Kupferstich, 18. Jh.<br \/>\nOrdinanza Della Solenne Dal Palazzo Vaticano Per IL Possesso Preso Dalla Santit\u00e0 Papa Innocenzo XIII. Der festliche Einzug des Papstes Innonzenz XIII. wird auf zwei separaten zusammengeh\u00f6rigen Stichen gezeigt. Mit gro\u00dfem Gefolge an milit\u00e4rischen und geistlichen W\u00fcrdentr\u00e4gern, teils beritten, teils zu Fu\u00df, geht der Zug vom Vatikan rechts unten \u00fcber die Engelsburg links unten sowie das Kolosseum rechts zur Lateranbasilika oben im linken Blatt. Zwei Bll., jeweils 32,8 x 45 cm. Verlag: Giovanni Domenico de Rossi (1619-1653), Verleger: Hella Stampa di Domenico de Rossi erede die Gio, Giacomo de Rossi (1721), Rom. Bl. gebr\u00e4unt mit Lichtrand, Lichtflecken, stellenweise Stockflecken. Vergl. R..<\/p>\n","protected":false},"excerpt":{"rendered":"<p>Kupferstich, 18. Jh.<br \/>\nOrdinanza Della Solenne Dal Palazzo Vaticano Per IL Possesso Preso Dalla Santit\u00e0 Papa Innocenzo XIII. Der festliche Einzug des Papstes Innonzenz XIII. wird auf zwei separaten zusammengeh\u00f6rigen Stichen gezeigt. Mit gro\u00dfem Gefolge an milit\u00e4rischen und geistlichen W\u00fcrdentr\u00e4gern, teils beritten, teils zu Fu\u00df, geht der Zug vom Vatikan rechts unten \u00fcber die Engelsburg links unten sowie das Kolosseum rechts zur Lateranbasilika oben im linken Blatt. Zwei Bll., jeweils 32,8 x 45 cm. Verlag: Giovanni Domenico de Rossi (1619-1653), Verleger: Hella Stampa di Domenico de Rossi erede die Gio, Giacomo de Rossi (1721), Rom. Bl. gebr\u00e4unt mit Lichtrand, Lichtflecken, stellenweise Stockflecken. Vergl. R..<br \/>\n\u20ac 10<\/p>\n","protected":false},"featured_media":52957,"template":"","meta":{"_acf_changed":false,"_seopress_robots_primary_cat":"","_seopress_titles_title":"","_seopress_titles_desc":"","_seopress_robots_index":""},"product_brand":[],"product_cat":[42],"product_tag":[51],"class_list":{"0":"post-52956","1":"product","2":"type-product","3":"status-publish","4":"has-post-thumbnail","6":"auktion-versteigerung-150","7":"auktion-archiv","8":"product_cat-druckgrafik-15-bis-19-jahrhundert","9":"product_tag-schriftlich","10":"sales-flash-overlay","11":"woocommerce-text-align-left","12":"woocommerce-image-align-center","14":"first","15":"outofstock","16":"sold-individually","17":"purchasable","18":"product-type-simple"},"acf":[],"_links":{"self":[{"href":"https:\/\/engel-kunst.com\/en\/wp-json\/wp\/v2\/product\/52956","targetHints":{"allow":["GET"]}}],"collection":[{"href":"https:\/\/engel-kunst.com\/en\/wp-json\/wp\/v2\/product"}],"about":[{"href":"https:\/\/engel-kunst.com\/en\/wp-json\/wp\/v2\/types\/product"}],"wp:featuredmedia":[{"embeddable":true,"href":"https:\/\/engel-kunst.com\/en\/wp-json\/wp\/v2\/media\/52957"}],"wp:attachment":[{"href":"https:\/\/engel-kunst.com\/en\/wp-json\/wp\/v2\/media?parent=52956"}],"wp:term":[{"taxonomy":"product_brand","embeddable":true,"href":"https:\/\/engel-kunst.com\/en\/wp-json\/wp\/v2\/product_brand?post=52956"},{"taxonomy":"product_cat","embeddable":true,"href":"https:\/\/engel-kunst.com\/en\/wp-json\/wp\/v2\/product_cat?post=52956"},{"taxonomy":"product_tag","embeddable":true,"href":"https:\/\/engel-kunst.com\/en\/wp-json\/wp\/v2\/product_tag?post=52956"}],"curies":[{"name":"wp","href":"https:\/\/api.w.org\/{rel}","templated":true}]}}