{"id":53003,"date":"2025-08-11T12:30:06","date_gmt":"2025-08-11T10:30:06","guid":{"rendered":"https:\/\/engel-kunst.com\/auktion-objekt\/altcol-stahlstich-19-jh\/"},"modified":"2025-11-03T18:44:51","modified_gmt":"2025-11-03T17:44:51","slug":"altcol-stahlstich-19-jh","status":"publish","type":"product","link":"https:\/\/engel-kunst.com\/en\/auktion-objekt\/altcol-stahlstich-19-jh\/","title":{"rendered":"Altcol. Stahlstich, 19. Jh."},"content":{"rendered":"<p>Altcol. Stahlstich, 19. Jh.<br \/>\nBelebte Berliner Stra\u00dfenansicht mit Blick auf das Schloss. Sch\u00f6nes Altcolorit. Ca. 10,7 x 14,5 cm (Bildausschnitt). Feines Passepartout aus gepr\u00e4gter Goldfolie mit ovalem Ausschnitt, auf hellblauem Papier montiert. Vergl. Biedermeier-Rahmen aus Nussholz, 24,5 x 29,5 cm.<\/p>\n","protected":false},"excerpt":{"rendered":"<p>Altcol. Stahlstich, 19. Jh.<br \/>\nBelebte Berliner Stra\u00dfenansicht mit Blick auf das Schloss. Sch\u00f6nes Altcolorit. Ca. 10,7 x 14,5 cm (Bildausschnitt). Feines Passepartout aus gepr\u00e4gter Goldfolie mit ovalem Ausschnitt, auf hellblauem Papier montiert. Vergl. Biedermeier-Rahmen aus Nussholz, 24,5 x 29,5 cm.<br \/>\n\u20ac 60<\/p>\n","protected":false},"featured_media":53004,"template":"","meta":{"_acf_changed":false,"_seopress_robots_primary_cat":"","_seopress_titles_title":"","_seopress_titles_desc":"","_seopress_robots_index":""},"product_brand":[],"product_cat":[42],"product_tag":[51],"class_list":{"0":"post-53003","1":"product","2":"type-product","3":"status-publish","4":"has-post-thumbnail","6":"auktion-versteigerung-150","7":"auktion-archiv","8":"product_cat-druckgrafik-15-bis-19-jahrhundert","9":"product_tag-schriftlich","10":"sales-flash-overlay","11":"woocommerce-text-align-left","12":"woocommerce-image-align-center","14":"first","15":"outofstock","16":"sold-individually","17":"purchasable","18":"product-type-simple"},"acf":[],"_links":{"self":[{"href":"https:\/\/engel-kunst.com\/en\/wp-json\/wp\/v2\/product\/53003","targetHints":{"allow":["GET"]}}],"collection":[{"href":"https:\/\/engel-kunst.com\/en\/wp-json\/wp\/v2\/product"}],"about":[{"href":"https:\/\/engel-kunst.com\/en\/wp-json\/wp\/v2\/types\/product"}],"wp:featuredmedia":[{"embeddable":true,"href":"https:\/\/engel-kunst.com\/en\/wp-json\/wp\/v2\/media\/53004"}],"wp:attachment":[{"href":"https:\/\/engel-kunst.com\/en\/wp-json\/wp\/v2\/media?parent=53003"}],"wp:term":[{"taxonomy":"product_brand","embeddable":true,"href":"https:\/\/engel-kunst.com\/en\/wp-json\/wp\/v2\/product_brand?post=53003"},{"taxonomy":"product_cat","embeddable":true,"href":"https:\/\/engel-kunst.com\/en\/wp-json\/wp\/v2\/product_cat?post=53003"},{"taxonomy":"product_tag","embeddable":true,"href":"https:\/\/engel-kunst.com\/en\/wp-json\/wp\/v2\/product_tag?post=53003"}],"curies":[{"name":"wp","href":"https:\/\/api.w.org\/{rel}","templated":true}]}}