{"id":53022,"date":"2025-08-11T12:30:18","date_gmt":"2025-08-11T10:30:18","guid":{"rendered":"https:\/\/engel-kunst.com\/auktion-objekt\/blau-guenther\/"},"modified":"2025-11-03T18:44:54","modified_gmt":"2025-11-03T17:44:54","slug":"blau-guenther","status":"publish","type":"product","link":"https:\/\/engel-kunst.com\/en\/auktion-objekt\/blau-guenther\/","title":{"rendered":"Blau, G\u00fcnther"},"content":{"rendered":"<p>Blau, G\u00fcnther<br \/>\n1922 Elberfeld &#8211; 2007 Marburg; deut. Maler und Grafiker. Studium der Bildhauerei an der D\u00fcsseldorfer Akad., der Malerei an den Akad. in M\u00fcnchen und Karlsruhe. F\u00fcnf. col. Lithografien, verschiedene Motive und Auflagen, alle handsign. G. Blau. Verschiedene Formate.<\/p>\n","protected":false},"excerpt":{"rendered":"<p>Blau, G\u00fcnther<br \/>\n1922 Elberfeld &#8211; 2007 Marburg; deut. Maler und Grafiker. Studium der Bildhauerei an der D\u00fcsseldorfer Akad., der Malerei an den Akad. in M\u00fcnchen und Karlsruhe. F\u00fcnf. col. Lithografien, verschiedene Motive und Auflagen, alle handsign. G. Blau. Verschiedene Formate.<br \/>\n\u20ac 50<\/p>\n","protected":false},"featured_media":53023,"template":"","meta":{"_acf_changed":false,"_seopress_robots_primary_cat":"","_seopress_titles_title":"","_seopress_titles_desc":"","_seopress_robots_index":""},"product_brand":[],"product_cat":[43],"product_tag":[51],"class_list":{"0":"post-53022","1":"product","2":"type-product","3":"status-publish","4":"has-post-thumbnail","6":"auktion-versteigerung-150","7":"auktion-archiv","8":"product_cat-druckgrafik-20-bis-21-jahrhundert","9":"product_tag-schriftlich","10":"sales-flash-overlay","11":"woocommerce-text-align-left","12":"woocommerce-image-align-center","14":"first","15":"outofstock","16":"sold-individually","17":"purchasable","18":"product-type-simple"},"acf":[],"_links":{"self":[{"href":"https:\/\/engel-kunst.com\/en\/wp-json\/wp\/v2\/product\/53022","targetHints":{"allow":["GET"]}}],"collection":[{"href":"https:\/\/engel-kunst.com\/en\/wp-json\/wp\/v2\/product"}],"about":[{"href":"https:\/\/engel-kunst.com\/en\/wp-json\/wp\/v2\/types\/product"}],"wp:featuredmedia":[{"embeddable":true,"href":"https:\/\/engel-kunst.com\/en\/wp-json\/wp\/v2\/media\/53023"}],"wp:attachment":[{"href":"https:\/\/engel-kunst.com\/en\/wp-json\/wp\/v2\/media?parent=53022"}],"wp:term":[{"taxonomy":"product_brand","embeddable":true,"href":"https:\/\/engel-kunst.com\/en\/wp-json\/wp\/v2\/product_brand?post=53022"},{"taxonomy":"product_cat","embeddable":true,"href":"https:\/\/engel-kunst.com\/en\/wp-json\/wp\/v2\/product_cat?post=53022"},{"taxonomy":"product_tag","embeddable":true,"href":"https:\/\/engel-kunst.com\/en\/wp-json\/wp\/v2\/product_tag?post=53022"}],"curies":[{"name":"wp","href":"https:\/\/api.w.org\/{rel}","templated":true}]}}