{"id":53026,"date":"2025-08-11T12:30:18","date_gmt":"2025-08-11T10:30:18","guid":{"rendered":"https:\/\/engel-kunst.com\/auktion-objekt\/brandi-uwe-7\/"},"modified":"2025-11-03T18:44:55","modified_gmt":"2025-11-03T17:44:55","slug":"brandi-uwe-7","status":"publish","type":"product","link":"https:\/\/engel-kunst.com\/en\/auktion-objekt\/brandi-uwe-7\/","title":{"rendered":"Brandi, Uwe"},"content":{"rendered":"<p>Brandi, Uwe<br \/>\n*1942 G\u00f6ttingen; deut. Grafiker. Studium an den K\u00f6lner Werkschulen. Meistersch\u00fcler von Prof. Will. Drei Radierungen: Eine Fleddermaus, Vanessa io, Herkulesk\u00e4fer. Jeweils re. u. handsign. U Brandi, betit., Aufl. 52\/80, 42\/60. 10,7 x 16 cm, 10 x 14,4 cm, 9,6 x 15,3 cm, auf B\u00fctten. Bll. knitterig, ein Bl. mit durchgehendem horizontalen Knick.<\/p>\n","protected":false},"excerpt":{"rendered":"<p>Brandi, Uwe<br \/>\n*1942 G\u00f6ttingen; deut. Grafiker. Studium an den K\u00f6lner Werkschulen. Meistersch\u00fcler von Prof. Will. Drei Radierungen: Eine Fleddermaus, Vanessa io, Herkulesk\u00e4fer. Jeweils re. u. handsign. U Brandi, betit., Aufl. 52\/80, 42\/60. 10,7 x 16 cm, 10 x 14,4 cm, 9,6 x 15,3 cm, auf B\u00fctten. Bll. knitterig, ein Bl. mit durchgehendem horizontalen Knick.<br \/>\n\u20ac 10<\/p>\n","protected":false},"featured_media":53027,"template":"","meta":{"_acf_changed":false,"_seopress_robots_primary_cat":"","_seopress_titles_title":"","_seopress_titles_desc":"","_seopress_robots_index":""},"product_brand":[],"product_cat":[43],"product_tag":[51],"class_list":{"0":"post-53026","1":"product","2":"type-product","3":"status-publish","4":"has-post-thumbnail","6":"auktion-versteigerung-150","7":"auktion-archiv","8":"product_cat-druckgrafik-20-bis-21-jahrhundert","9":"product_tag-schriftlich","10":"sales-flash-overlay","11":"woocommerce-text-align-left","12":"woocommerce-image-align-center","14":"first","15":"outofstock","16":"sold-individually","17":"purchasable","18":"product-type-simple"},"acf":[],"_links":{"self":[{"href":"https:\/\/engel-kunst.com\/en\/wp-json\/wp\/v2\/product\/53026","targetHints":{"allow":["GET"]}}],"collection":[{"href":"https:\/\/engel-kunst.com\/en\/wp-json\/wp\/v2\/product"}],"about":[{"href":"https:\/\/engel-kunst.com\/en\/wp-json\/wp\/v2\/types\/product"}],"wp:featuredmedia":[{"embeddable":true,"href":"https:\/\/engel-kunst.com\/en\/wp-json\/wp\/v2\/media\/53027"}],"wp:attachment":[{"href":"https:\/\/engel-kunst.com\/en\/wp-json\/wp\/v2\/media?parent=53026"}],"wp:term":[{"taxonomy":"product_brand","embeddable":true,"href":"https:\/\/engel-kunst.com\/en\/wp-json\/wp\/v2\/product_brand?post=53026"},{"taxonomy":"product_cat","embeddable":true,"href":"https:\/\/engel-kunst.com\/en\/wp-json\/wp\/v2\/product_cat?post=53026"},{"taxonomy":"product_tag","embeddable":true,"href":"https:\/\/engel-kunst.com\/en\/wp-json\/wp\/v2\/product_tag?post=53026"}],"curies":[{"name":"wp","href":"https:\/\/api.w.org\/{rel}","templated":true}]}}