{"id":53038,"date":"2025-08-11T12:30:24","date_gmt":"2025-08-11T10:30:24","guid":{"rendered":"https:\/\/engel-kunst.com\/auktion-objekt\/czischke-joerg\/"},"modified":"2025-11-03T18:44:58","modified_gmt":"2025-11-03T17:44:58","slug":"czischke-joerg","status":"publish","type":"product","link":"https:\/\/engel-kunst.com\/en\/auktion-objekt\/czischke-joerg\/","title":{"rendered":"Czischke, J\u00f6rg"},"content":{"rendered":"<p>Czischke, J\u00f6rg<br \/>\n1945 L\u00fcbeck -1997 K\u00f6ln; deut. Maler und Grafiker. Ohne Titel. 1969. Lithografie, li. u. im Stein bez. edition teufel \/ czischke 69, Aufl. 93\/100. 39,8 x 30 cm. Auf Schoeller Durex B\u00fctten. Stellenweise knitterig, re. o. gr\u00f6\u00dferer, br\u00e4unlicher Fleck.<\/p>\n","protected":false},"excerpt":{"rendered":"<p>Czischke, J\u00f6rg<br \/>\n1945 L\u00fcbeck -1997 K\u00f6ln; deut. Maler und Grafiker. Ohne Titel. 1969. Lithografie, li. u. im Stein bez. edition teufel \/ czischke 69, Aufl. 93\/100. 39,8 x 30 cm. Auf Schoeller Durex B\u00fctten. Stellenweise knitterig, re. o. gr\u00f6\u00dferer, br\u00e4unlicher Fleck.<br \/>\n\u20ac 10<\/p>\n","protected":false},"featured_media":53039,"template":"","meta":{"_acf_changed":false,"_seopress_robots_primary_cat":"","_seopress_titles_title":"","_seopress_titles_desc":"","_seopress_robots_index":""},"product_brand":[],"product_cat":[43],"product_tag":[51],"class_list":{"0":"post-53038","1":"product","2":"type-product","3":"status-publish","4":"has-post-thumbnail","6":"auktion-versteigerung-150","7":"auktion-archiv","8":"product_cat-druckgrafik-20-bis-21-jahrhundert","9":"product_tag-schriftlich","10":"sales-flash-overlay","11":"woocommerce-text-align-left","12":"woocommerce-image-align-center","14":"first","15":"outofstock","16":"sold-individually","17":"purchasable","18":"product-type-simple"},"acf":[],"_links":{"self":[{"href":"https:\/\/engel-kunst.com\/en\/wp-json\/wp\/v2\/product\/53038","targetHints":{"allow":["GET"]}}],"collection":[{"href":"https:\/\/engel-kunst.com\/en\/wp-json\/wp\/v2\/product"}],"about":[{"href":"https:\/\/engel-kunst.com\/en\/wp-json\/wp\/v2\/types\/product"}],"wp:featuredmedia":[{"embeddable":true,"href":"https:\/\/engel-kunst.com\/en\/wp-json\/wp\/v2\/media\/53039"}],"wp:attachment":[{"href":"https:\/\/engel-kunst.com\/en\/wp-json\/wp\/v2\/media?parent=53038"}],"wp:term":[{"taxonomy":"product_brand","embeddable":true,"href":"https:\/\/engel-kunst.com\/en\/wp-json\/wp\/v2\/product_brand?post=53038"},{"taxonomy":"product_cat","embeddable":true,"href":"https:\/\/engel-kunst.com\/en\/wp-json\/wp\/v2\/product_cat?post=53038"},{"taxonomy":"product_tag","embeddable":true,"href":"https:\/\/engel-kunst.com\/en\/wp-json\/wp\/v2\/product_tag?post=53038"}],"curies":[{"name":"wp","href":"https:\/\/api.w.org\/{rel}","templated":true}]}}