{"id":53048,"date":"2025-08-11T12:30:30","date_gmt":"2025-08-11T10:30:30","guid":{"rendered":"https:\/\/engel-kunst.com\/auktion-objekt\/dhoregis\/"},"modified":"2025-11-03T18:45:00","modified_gmt":"2025-11-03T17:45:00","slug":"dhoregis","status":"publish","type":"product","link":"https:\/\/engel-kunst.com\/en\/auktion-objekt\/dhoregis\/","title":{"rendered":"Dho,R\u00e9gis"},"content":{"rendered":"<p>Dho, R\u00e9gis<br \/>\n*1947 Athen, lebt und arbeitet in Paris. Maler, Grafiker und Designer. Studium an der \u00c9cole Nationale des Arts D\u00e9coratifs in Paris. Zahlreiche nationale und internationale Ausstellungen.<br \/>\nCertains \u00e9gards. 1974. 10 Orig.Farblithografien, handsign. R\u00e9gis Dho, Aufl. 1\/100. Blattgr\u00f6\u00dfe ca. 44,5 x 30 cm. Edition Fr\u00e9d\u00e9ric Birr, Paris. Schwarze Papiermappe stark abgegriffen.<\/p>\n","protected":false},"excerpt":{"rendered":"<p>Dho, R\u00e9gis<br \/>\n*1947 Athen, lebt und arbeitet in Paris. Maler, Grafiker und Designer. Studium an der \u00c9cole Nationale des Arts D\u00e9coratifs in Paris. Zahlreiche nationale und internationale Ausstellungen.<br \/>\nCertains \u00e9gards. 1974. 10 Orig.Farblithografien, handsign. R\u00e9gis Dho, Aufl. 1\/100. Blattgr\u00f6\u00dfe ca. 44,5 x 30 cm. Edition Fr\u00e9d\u00e9ric Birr, Paris. Schwarze Papiermappe stark abgegriffen.<br \/>\n\u20ac 500<\/p>\n","protected":false},"featured_media":53049,"template":"","meta":{"_acf_changed":false,"_seopress_robots_primary_cat":"","_seopress_titles_title":"","_seopress_titles_desc":"","_seopress_robots_index":""},"product_brand":[],"product_cat":[43],"product_tag":[52],"class_list":{"0":"post-53048","1":"product","2":"type-product","3":"status-publish","4":"has-post-thumbnail","6":"auktion-versteigerung-150","7":"auktion-archiv","8":"product_cat-druckgrafik-20-bis-21-jahrhundert","9":"product_tag-telefon","10":"sales-flash-overlay","11":"woocommerce-text-align-left","12":"woocommerce-image-align-center","14":"first","15":"outofstock","16":"sold-individually","17":"purchasable","18":"product-type-simple"},"acf":[],"_links":{"self":[{"href":"https:\/\/engel-kunst.com\/en\/wp-json\/wp\/v2\/product\/53048","targetHints":{"allow":["GET"]}}],"collection":[{"href":"https:\/\/engel-kunst.com\/en\/wp-json\/wp\/v2\/product"}],"about":[{"href":"https:\/\/engel-kunst.com\/en\/wp-json\/wp\/v2\/types\/product"}],"wp:featuredmedia":[{"embeddable":true,"href":"https:\/\/engel-kunst.com\/en\/wp-json\/wp\/v2\/media\/53049"}],"wp:attachment":[{"href":"https:\/\/engel-kunst.com\/en\/wp-json\/wp\/v2\/media?parent=53048"}],"wp:term":[{"taxonomy":"product_brand","embeddable":true,"href":"https:\/\/engel-kunst.com\/en\/wp-json\/wp\/v2\/product_brand?post=53048"},{"taxonomy":"product_cat","embeddable":true,"href":"https:\/\/engel-kunst.com\/en\/wp-json\/wp\/v2\/product_cat?post=53048"},{"taxonomy":"product_tag","embeddable":true,"href":"https:\/\/engel-kunst.com\/en\/wp-json\/wp\/v2\/product_tag?post=53048"}],"curies":[{"name":"wp","href":"https:\/\/api.w.org\/{rel}","templated":true}]}}