{"id":53052,"date":"2025-08-11T12:30:36","date_gmt":"2025-08-11T10:30:36","guid":{"rendered":"https:\/\/engel-kunst.com\/auktion-objekt\/eglau-otto-wilhelm-2\/"},"modified":"2025-11-03T18:45:00","modified_gmt":"2025-11-03T17:45:00","slug":"eglau-otto-wilhelm-2","status":"publish","type":"product","link":"https:\/\/engel-kunst.com\/en\/auktion-objekt\/eglau-otto-wilhelm-2\/","title":{"rendered":"Eglau, Otto Wilhelm"},"content":{"rendered":"<p>Eglau, Otto Wilhelm<br \/>\n1917 Berlin-Karlshorst &#8211; 1988 Kampen; deut. Maler und Grafiker. Studium an der Hochschule f\u00fcr Bildende K\u00fcnste in Berlin bei Oskar Nerlinger und Wolf Hoffmann, Meistersch\u00fcler von Max Kaus. Formen am Meer. Aquatintaradierung, re. u. handsign. Eglau, dat. (19)60, betit.. 18,5 x 29,7 cm, auf B\u00fctten.<\/p>\n","protected":false},"excerpt":{"rendered":"<p>Eglau, Otto Wilhelm<br \/>\n1917 Berlin-Karlshorst &#8211; 1988 Kampen; deut. Maler und Grafiker. Studium an der Hochschule f\u00fcr Bildende K\u00fcnste in Berlin bei Oskar Nerlinger und Wolf Hoffmann, Meistersch\u00fcler von Max Kaus. Formen am Meer. Aquatintaradierung, re. u. handsign. Eglau, dat. (19)60, betit.. 18,5 x 29,7 cm, auf B\u00fctten.<br \/>\n\u20ac 40<\/p>\n","protected":false},"featured_media":53053,"template":"","meta":{"_acf_changed":false,"_seopress_robots_primary_cat":"","_seopress_titles_title":"","_seopress_titles_desc":"","_seopress_robots_index":""},"product_brand":[],"product_cat":[43],"product_tag":[51],"class_list":{"0":"post-53052","1":"product","2":"type-product","3":"status-publish","4":"has-post-thumbnail","6":"auktion-versteigerung-150","7":"auktion-archiv","8":"product_cat-druckgrafik-20-bis-21-jahrhundert","9":"product_tag-schriftlich","10":"sales-flash-overlay","11":"woocommerce-text-align-left","12":"woocommerce-image-align-center","14":"first","15":"outofstock","16":"sold-individually","17":"purchasable","18":"product-type-simple"},"acf":[],"_links":{"self":[{"href":"https:\/\/engel-kunst.com\/en\/wp-json\/wp\/v2\/product\/53052","targetHints":{"allow":["GET"]}}],"collection":[{"href":"https:\/\/engel-kunst.com\/en\/wp-json\/wp\/v2\/product"}],"about":[{"href":"https:\/\/engel-kunst.com\/en\/wp-json\/wp\/v2\/types\/product"}],"wp:featuredmedia":[{"embeddable":true,"href":"https:\/\/engel-kunst.com\/en\/wp-json\/wp\/v2\/media\/53053"}],"wp:attachment":[{"href":"https:\/\/engel-kunst.com\/en\/wp-json\/wp\/v2\/media?parent=53052"}],"wp:term":[{"taxonomy":"product_brand","embeddable":true,"href":"https:\/\/engel-kunst.com\/en\/wp-json\/wp\/v2\/product_brand?post=53052"},{"taxonomy":"product_cat","embeddable":true,"href":"https:\/\/engel-kunst.com\/en\/wp-json\/wp\/v2\/product_cat?post=53052"},{"taxonomy":"product_tag","embeddable":true,"href":"https:\/\/engel-kunst.com\/en\/wp-json\/wp\/v2\/product_tag?post=53052"}],"curies":[{"name":"wp","href":"https:\/\/api.w.org\/{rel}","templated":true}]}}