{"id":53054,"date":"2025-08-11T12:30:36","date_gmt":"2025-08-11T10:30:36","guid":{"rendered":"https:\/\/engel-kunst.com\/auktion-objekt\/fruhtrunk-guenter\/"},"modified":"2025-11-03T18:45:01","modified_gmt":"2025-11-03T17:45:01","slug":"fruhtrunk-guenter","status":"publish","type":"product","link":"https:\/\/engel-kunst.com\/en\/auktion-objekt\/fruhtrunk-guenter\/","title":{"rendered":"Fruhtrunk, G\u00fcnter"},"content":{"rendered":"<p>Fruhtrunk, G\u00fcnter<br \/>\n1923 M\u00fcnchen 1982; deut. Maler und Grafiker. Studium an der Techn. Hochschule in M\u00fcnchen. Sch\u00fcler von William Straube in Neufrach, 1952 bei F. L\u00e9ger in Paris. Kreis und Wirkung. 1972. Farbserigrafie, verso handsign. Fruhtrunk. 27,9 x 20 cm, Bl. 34 x 26 cm.<\/p>\n","protected":false},"excerpt":{"rendered":"<p>Fruhtrunk, G\u00fcnter<br \/>\n1923 M\u00fcnchen 1982; deut. Maler und Grafiker. Studium an der Techn. Hochschule in M\u00fcnchen. Sch\u00fcler von William Straube in Neufrach, 1952 bei F. L\u00e9ger in Paris. Kreis und Wirkung. 1972. Farbserigrafie, verso handsign. Fruhtrunk. 27,9 x 20 cm, Bl. 34 x 26 cm.<br \/>\n\u20ac 25<\/p>\n","protected":false},"featured_media":53055,"template":"","meta":{"_acf_changed":false,"_seopress_robots_primary_cat":"","_seopress_titles_title":"","_seopress_titles_desc":"","_seopress_robots_index":""},"product_brand":[],"product_cat":[43],"product_tag":[51],"class_list":{"0":"post-53054","1":"product","2":"type-product","3":"status-publish","4":"has-post-thumbnail","6":"auktion-versteigerung-150","7":"auktion-archiv","8":"product_cat-druckgrafik-20-bis-21-jahrhundert","9":"product_tag-schriftlich","10":"sales-flash-overlay","11":"woocommerce-text-align-left","12":"woocommerce-image-align-center","14":"first","15":"outofstock","16":"sold-individually","17":"purchasable","18":"product-type-simple"},"acf":[],"_links":{"self":[{"href":"https:\/\/engel-kunst.com\/en\/wp-json\/wp\/v2\/product\/53054","targetHints":{"allow":["GET"]}}],"collection":[{"href":"https:\/\/engel-kunst.com\/en\/wp-json\/wp\/v2\/product"}],"about":[{"href":"https:\/\/engel-kunst.com\/en\/wp-json\/wp\/v2\/types\/product"}],"wp:featuredmedia":[{"embeddable":true,"href":"https:\/\/engel-kunst.com\/en\/wp-json\/wp\/v2\/media\/53055"}],"wp:attachment":[{"href":"https:\/\/engel-kunst.com\/en\/wp-json\/wp\/v2\/media?parent=53054"}],"wp:term":[{"taxonomy":"product_brand","embeddable":true,"href":"https:\/\/engel-kunst.com\/en\/wp-json\/wp\/v2\/product_brand?post=53054"},{"taxonomy":"product_cat","embeddable":true,"href":"https:\/\/engel-kunst.com\/en\/wp-json\/wp\/v2\/product_cat?post=53054"},{"taxonomy":"product_tag","embeddable":true,"href":"https:\/\/engel-kunst.com\/en\/wp-json\/wp\/v2\/product_tag?post=53054"}],"curies":[{"name":"wp","href":"https:\/\/api.w.org\/{rel}","templated":true}]}}