{"id":53057,"date":"2025-08-11T12:30:36","date_gmt":"2025-08-11T10:30:36","guid":{"rendered":"https:\/\/engel-kunst.com\/auktion-objekt\/fuesser-hans\/"},"modified":"2025-11-03T18:45:01","modified_gmt":"2025-11-03T17:45:01","slug":"fuesser-hans","status":"publish","type":"product","link":"https:\/\/engel-kunst.com\/en\/auktion-objekt\/fuesser-hans\/","title":{"rendered":"F\u00fcsser, Hans"},"content":{"rendered":"<p>F\u00fcsser, Hans<br \/>\n1898 D\u00fcsseldorf 1959; deut. Illustrator, Karikaturist und Comiczeichner. Studium an der D\u00fcsseldorfer Akad.. Mitglied der K\u00fcnstlervereinigung &#8216;Junges Rheinland&#8217;. Landschaft mit B\u00e4umen. Li. u. sign. Hans F\u00fcsser. Tuschfeder\/Papier, 18,6 x 23 cm. Mit den oberen Bl.Ecken auf Passepartout montiert.<\/p>\n","protected":false},"excerpt":{"rendered":"<p>F\u00fcsser, Hans<br \/>\n1898 D\u00fcsseldorf 1959; deut. Illustrator, Karikaturist und Comiczeichner. Studium an der D\u00fcsseldorfer Akad.. Mitglied der K\u00fcnstlervereinigung &#8216;Junges Rheinland&#8217;. Landschaft mit B\u00e4umen. Li. u. sign. Hans F\u00fcsser. Tuschfeder\/Papier, 18,6 x 23 cm. Mit den oberen Bl.Ecken auf Passepartout montiert.<br \/>\n\u20ac 10<\/p>\n","protected":false},"featured_media":53058,"template":"","meta":{"_acf_changed":false,"_seopress_robots_primary_cat":"","_seopress_titles_title":"","_seopress_titles_desc":"","_seopress_robots_index":""},"product_brand":[],"product_cat":[43],"product_tag":[51],"class_list":{"0":"post-53057","1":"product","2":"type-product","3":"status-publish","4":"has-post-thumbnail","6":"auktion-versteigerung-150","7":"auktion-archiv","8":"product_cat-druckgrafik-20-bis-21-jahrhundert","9":"product_tag-schriftlich","10":"sales-flash-overlay","11":"woocommerce-text-align-left","12":"woocommerce-image-align-center","14":"first","15":"outofstock","16":"sold-individually","17":"purchasable","18":"product-type-simple"},"acf":[],"_links":{"self":[{"href":"https:\/\/engel-kunst.com\/en\/wp-json\/wp\/v2\/product\/53057","targetHints":{"allow":["GET"]}}],"collection":[{"href":"https:\/\/engel-kunst.com\/en\/wp-json\/wp\/v2\/product"}],"about":[{"href":"https:\/\/engel-kunst.com\/en\/wp-json\/wp\/v2\/types\/product"}],"wp:featuredmedia":[{"embeddable":true,"href":"https:\/\/engel-kunst.com\/en\/wp-json\/wp\/v2\/media\/53058"}],"wp:attachment":[{"href":"https:\/\/engel-kunst.com\/en\/wp-json\/wp\/v2\/media?parent=53057"}],"wp:term":[{"taxonomy":"product_brand","embeddable":true,"href":"https:\/\/engel-kunst.com\/en\/wp-json\/wp\/v2\/product_brand?post=53057"},{"taxonomy":"product_cat","embeddable":true,"href":"https:\/\/engel-kunst.com\/en\/wp-json\/wp\/v2\/product_cat?post=53057"},{"taxonomy":"product_tag","embeddable":true,"href":"https:\/\/engel-kunst.com\/en\/wp-json\/wp\/v2\/product_tag?post=53057"}],"curies":[{"name":"wp","href":"https:\/\/api.w.org\/{rel}","templated":true}]}}