{"id":53075,"date":"2025-08-11T12:30:49","date_gmt":"2025-08-11T10:30:49","guid":{"rendered":"https:\/\/engel-kunst.com\/auktion-objekt\/hecker-franz-3\/"},"modified":"2025-11-03T18:45:05","modified_gmt":"2025-11-03T17:45:05","slug":"hecker-franz-3","status":"publish","type":"product","link":"https:\/\/engel-kunst.com\/en\/auktion-objekt\/hecker-franz-3\/","title":{"rendered":"Hecker, Franz"},"content":{"rendered":"<p>Hecker, Franz<br \/>\n1870 Bersenbr\u00fcck &#8211; 1944 Osnabr\u00fcck; deut. Maler und Grafiker. Studium an der D\u00fcsseldorfer Akad.. Studienaufenthalt in M\u00fcnchen im Privatatelier Paul Nauen. 1895 Studium an der Acad. Julian in Paris unter William Adolphe Bouguereau. Unter den Linden. 1910. Radierung, re. u. handsign. Franz Hecker. 27,7 x 43 cm. Bl. lei. gebr\u00e4unt. Vergl. R. (best.).<\/p>\n","protected":false},"excerpt":{"rendered":"<p>Hecker, Franz<br \/>\n1870 Bersenbr\u00fcck &#8211; 1944 Osnabr\u00fcck; deut. Maler und Grafiker. Studium an der D\u00fcsseldorfer Akad.. Studienaufenthalt in M\u00fcnchen im Privatatelier Paul Nauen. 1895 Studium an der Acad. Julian in Paris unter William Adolphe Bouguereau. Unter den Linden. 1910. Radierung, re. u. handsign. Franz Hecker. 27,7 x 43 cm. Bl. lei. gebr\u00e4unt. Vergl. R. (best.).<br \/>\n\u20ac 110<\/p>\n","protected":false},"featured_media":53076,"template":"","meta":{"_acf_changed":false,"_seopress_robots_primary_cat":"","_seopress_titles_title":"","_seopress_titles_desc":"","_seopress_robots_index":""},"product_brand":[],"product_cat":[43],"product_tag":[51],"class_list":{"0":"post-53075","1":"product","2":"type-product","3":"status-publish","4":"has-post-thumbnail","6":"auktion-versteigerung-150","7":"auktion-archiv","8":"product_cat-druckgrafik-20-bis-21-jahrhundert","9":"product_tag-schriftlich","10":"sales-flash-overlay","11":"woocommerce-text-align-left","12":"woocommerce-image-align-center","14":"first","15":"outofstock","16":"sold-individually","17":"purchasable","18":"product-type-simple"},"acf":[],"_links":{"self":[{"href":"https:\/\/engel-kunst.com\/en\/wp-json\/wp\/v2\/product\/53075","targetHints":{"allow":["GET"]}}],"collection":[{"href":"https:\/\/engel-kunst.com\/en\/wp-json\/wp\/v2\/product"}],"about":[{"href":"https:\/\/engel-kunst.com\/en\/wp-json\/wp\/v2\/types\/product"}],"wp:featuredmedia":[{"embeddable":true,"href":"https:\/\/engel-kunst.com\/en\/wp-json\/wp\/v2\/media\/53076"}],"wp:attachment":[{"href":"https:\/\/engel-kunst.com\/en\/wp-json\/wp\/v2\/media?parent=53075"}],"wp:term":[{"taxonomy":"product_brand","embeddable":true,"href":"https:\/\/engel-kunst.com\/en\/wp-json\/wp\/v2\/product_brand?post=53075"},{"taxonomy":"product_cat","embeddable":true,"href":"https:\/\/engel-kunst.com\/en\/wp-json\/wp\/v2\/product_cat?post=53075"},{"taxonomy":"product_tag","embeddable":true,"href":"https:\/\/engel-kunst.com\/en\/wp-json\/wp\/v2\/product_tag?post=53075"}],"curies":[{"name":"wp","href":"https:\/\/api.w.org\/{rel}","templated":true}]}}