{"id":53079,"date":"2025-08-11T12:30:49","date_gmt":"2025-08-11T10:30:49","guid":{"rendered":"https:\/\/engel-kunst.com\/auktion-objekt\/janssen-horst-2\/"},"modified":"2025-11-03T18:45:06","modified_gmt":"2025-11-03T17:45:06","slug":"janssen-horst-2","status":"publish","type":"product","link":"https:\/\/engel-kunst.com\/en\/auktion-objekt\/janssen-horst-2\/","title":{"rendered":"Janssen, Horst"},"content":{"rendered":"<p>Janssen, Horst<br \/>\n1929 Hamburg 1995; deut. Maler und Grafiker. Studium an der Kunsthochschule in Hamburg bei Alfred Mahlau. Laokoon, die B\u00e4ume der Annette. 1986. Mappe mit 25 Radierungen sowie Deckblatt mit Text und Impressum, herausgegeben vom Verlag St. Gertrude, Hamburg 1987. Alle handsign., dat. und num., in der Pl. teils sign., dat. und bez.. Exemplar 98\/100. Auf feinem Japanb\u00fctten. Bis 60 x 49,5 cm, Papier: bis 72 x 53,8 cm. Gedruckt vom Atelier Peter Fetthauer, Hamburg, und Hartmut Frielinghaus, Hamburg. Lose B\u00f6gen, einzeln in Passepartouts montiert, in orig., blauer Pappkassette (83 x 64 cm), der Deckel mit Namenszug, Verlagsk\u00fcrzel und Titel in Blau, Gold und Schwarz. Sch\u00f6ner Erhaltungszustand, Deckel stellenweise etwas schwach fleckig. Lit.: G\u00e4\u00dfler 44\/1-25, G\u00e4deke 380-404.<\/p>\n","protected":false},"excerpt":{"rendered":"<p>Janssen, Horst<br \/>\n1929 Hamburg 1995; deut. Maler und Grafiker. Studium an der Kunsthochschule in Hamburg bei Alfred Mahlau. Laokoon, die B\u00e4ume der Annette. 1986. Mappe mit 25 Radierungen sowie Deckblatt mit Text und Impressum, herausgegeben vom Verlag St. Gertrude, Hamburg 1987. Alle handsign., dat. und num., in der Pl. teils sign., dat. und bez.. Exemplar 98\/100. Auf feinem Japanb\u00fctten. Bis 60 x 49,5 cm, Papier: bis 72 x 53,8 cm. Gedruckt vom Atelier Peter Fetthauer, Hamburg, und Hartmut Frielinghaus, Hamburg. Lose B\u00f6gen, einzeln in Passepartouts montiert, in orig., blauer Pappkassette (83 x 64 cm), der Deckel mit Namenszug, Verlagsk\u00fcrzel und Titel in Blau, Gold und Schwarz. Sch\u00f6ner Erhaltungszustand, Deckel stellenweise etwas schwach fleckig. Lit.: G\u00e4\u00dfler 44\/1-25, G\u00e4deke 380-404.<br \/>\n\u20ac 8000<\/p>\n","protected":false},"featured_media":53080,"template":"","meta":{"_acf_changed":false,"_seopress_robots_primary_cat":"","_seopress_titles_title":"","_seopress_titles_desc":"","_seopress_robots_index":""},"product_brand":[],"product_cat":[43],"product_tag":[52],"class_list":{"0":"post-53079","1":"product","2":"type-product","3":"status-publish","4":"has-post-thumbnail","6":"auktion-versteigerung-150","7":"auktion-archiv","8":"product_cat-druckgrafik-20-bis-21-jahrhundert","9":"product_tag-telefon","10":"sales-flash-overlay","11":"woocommerce-text-align-left","12":"woocommerce-image-align-center","14":"first","15":"outofstock","16":"featured","17":"sold-individually","18":"purchasable","19":"product-type-simple"},"acf":[],"_links":{"self":[{"href":"https:\/\/engel-kunst.com\/en\/wp-json\/wp\/v2\/product\/53079","targetHints":{"allow":["GET"]}}],"collection":[{"href":"https:\/\/engel-kunst.com\/en\/wp-json\/wp\/v2\/product"}],"about":[{"href":"https:\/\/engel-kunst.com\/en\/wp-json\/wp\/v2\/types\/product"}],"wp:featuredmedia":[{"embeddable":true,"href":"https:\/\/engel-kunst.com\/en\/wp-json\/wp\/v2\/media\/53080"}],"wp:attachment":[{"href":"https:\/\/engel-kunst.com\/en\/wp-json\/wp\/v2\/media?parent=53079"}],"wp:term":[{"taxonomy":"product_brand","embeddable":true,"href":"https:\/\/engel-kunst.com\/en\/wp-json\/wp\/v2\/product_brand?post=53079"},{"taxonomy":"product_cat","embeddable":true,"href":"https:\/\/engel-kunst.com\/en\/wp-json\/wp\/v2\/product_cat?post=53079"},{"taxonomy":"product_tag","embeddable":true,"href":"https:\/\/engel-kunst.com\/en\/wp-json\/wp\/v2\/product_tag?post=53079"}],"curies":[{"name":"wp","href":"https:\/\/api.w.org\/{rel}","templated":true}]}}