{"id":53084,"date":"2025-08-11T12:30:56","date_gmt":"2025-08-11T10:30:56","guid":{"rendered":"https:\/\/engel-kunst.com\/auktion-objekt\/kissenkoetter-hermann\/"},"modified":"2025-11-03T18:45:06","modified_gmt":"2025-11-03T17:45:06","slug":"kissenkoetter-hermann","status":"publish","type":"product","link":"https:\/\/engel-kunst.com\/en\/auktion-objekt\/kissenkoetter-hermann\/","title":{"rendered":"Kissenkoetter, Hermann"},"content":{"rendered":"<p>Kissenkoetter, Hermann<br \/>\n1897 M\u00fcnster &#8211; 1957; deut. Maler, Grafiker und Bildhauer. Gasse in M\u00fcnster mit Blick auf die T\u00fcrme des St. Paulus-Doms. Lithografie, re. u. handsign. Hermann Kissenkoetter, dat. (19)20, im Stein monogr. H.K, dat. (19)20. 19,7 x 18,2 cm. Mit den oberen Bl.Ecken auf Passepartout montiert.<\/p>\n","protected":false},"excerpt":{"rendered":"<p>Kissenkoetter, Hermann<br \/>\n1897 M\u00fcnster &#8211; 1957; deut. Maler, Grafiker und Bildhauer. Gasse in M\u00fcnster mit Blick auf die T\u00fcrme des St. Paulus-Doms. Lithografie, re. u. handsign. Hermann Kissenkoetter, dat. (19)20, im Stein monogr. H.K, dat. (19)20. 19,7 x 18,2 cm. Mit den oberen Bl.Ecken auf Passepartout montiert.<br \/>\n\u20ac 10<\/p>\n","protected":false},"featured_media":53085,"template":"","meta":{"_acf_changed":false,"_seopress_robots_primary_cat":"","_seopress_titles_title":"","_seopress_titles_desc":"","_seopress_robots_index":""},"product_brand":[],"product_cat":[43],"product_tag":[51],"class_list":{"0":"post-53084","1":"product","2":"type-product","3":"status-publish","4":"has-post-thumbnail","6":"auktion-versteigerung-150","7":"auktion-archiv","8":"product_cat-druckgrafik-20-bis-21-jahrhundert","9":"product_tag-schriftlich","10":"sales-flash-overlay","11":"woocommerce-text-align-left","12":"woocommerce-image-align-center","14":"first","15":"outofstock","16":"sold-individually","17":"purchasable","18":"product-type-simple"},"acf":[],"_links":{"self":[{"href":"https:\/\/engel-kunst.com\/en\/wp-json\/wp\/v2\/product\/53084","targetHints":{"allow":["GET"]}}],"collection":[{"href":"https:\/\/engel-kunst.com\/en\/wp-json\/wp\/v2\/product"}],"about":[{"href":"https:\/\/engel-kunst.com\/en\/wp-json\/wp\/v2\/types\/product"}],"wp:featuredmedia":[{"embeddable":true,"href":"https:\/\/engel-kunst.com\/en\/wp-json\/wp\/v2\/media\/53085"}],"wp:attachment":[{"href":"https:\/\/engel-kunst.com\/en\/wp-json\/wp\/v2\/media?parent=53084"}],"wp:term":[{"taxonomy":"product_brand","embeddable":true,"href":"https:\/\/engel-kunst.com\/en\/wp-json\/wp\/v2\/product_brand?post=53084"},{"taxonomy":"product_cat","embeddable":true,"href":"https:\/\/engel-kunst.com\/en\/wp-json\/wp\/v2\/product_cat?post=53084"},{"taxonomy":"product_tag","embeddable":true,"href":"https:\/\/engel-kunst.com\/en\/wp-json\/wp\/v2\/product_tag?post=53084"}],"curies":[{"name":"wp","href":"https:\/\/api.w.org\/{rel}","templated":true}]}}