{"id":53088,"date":"2025-08-11T12:30:56","date_gmt":"2025-08-11T10:30:56","guid":{"rendered":"https:\/\/engel-kunst.com\/auktion-objekt\/kokoschka-oskar-2\/"},"modified":"2025-11-03T18:45:07","modified_gmt":"2025-11-03T17:45:07","slug":"kokoschka-oskar-2","status":"publish","type":"product","link":"https:\/\/engel-kunst.com\/en\/auktion-objekt\/kokoschka-oskar-2\/","title":{"rendered":"Kokoschka, Oskar"},"content":{"rendered":"<p>Kokoschka, Oskar<br \/>\n1886 P\u00f6chlarn &#8211; 1980 Montreux; \u00f6sterr. Maler, Grafiker, Modelleur und Dichter, Prof.. Sch\u00fcler von W. L\u00f6ffler an der Kunstgewerbeschule in Wien. Selbstbildnis. 1972-1975. Kaltnadelradierung, re. u. handsign. Oskar Kokoschka, Aufl. 49\/100. 15,2 x 9,1 cm. Unter Glas gerahmt.<\/p>\n","protected":false},"excerpt":{"rendered":"<p>Kokoschka, Oskar<br \/>\n1886 P\u00f6chlarn &#8211; 1980 Montreux; \u00f6sterr. Maler, Grafiker, Modelleur und Dichter, Prof.. Sch\u00fcler von W. L\u00f6ffler an der Kunstgewerbeschule in Wien. Selbstbildnis. 1972-1975. Kaltnadelradierung, re. u. handsign. Oskar Kokoschka, Aufl. 49\/100. 15,2 x 9,1 cm. Unter Glas gerahmt.<br \/>\n\u20ac 150<\/p>\n","protected":false},"featured_media":53089,"template":"","meta":{"_acf_changed":false,"_seopress_robots_primary_cat":"","_seopress_titles_title":"","_seopress_titles_desc":"","_seopress_robots_index":""},"product_brand":[],"product_cat":[43],"product_tag":[51],"class_list":{"0":"post-53088","1":"product","2":"type-product","3":"status-publish","4":"has-post-thumbnail","6":"auktion-versteigerung-150","7":"auktion-archiv","8":"product_cat-druckgrafik-20-bis-21-jahrhundert","9":"product_tag-schriftlich","10":"sales-flash-overlay","11":"woocommerce-text-align-left","12":"woocommerce-image-align-center","14":"first","15":"outofstock","16":"sold-individually","17":"purchasable","18":"product-type-simple"},"acf":[],"_links":{"self":[{"href":"https:\/\/engel-kunst.com\/en\/wp-json\/wp\/v2\/product\/53088","targetHints":{"allow":["GET"]}}],"collection":[{"href":"https:\/\/engel-kunst.com\/en\/wp-json\/wp\/v2\/product"}],"about":[{"href":"https:\/\/engel-kunst.com\/en\/wp-json\/wp\/v2\/types\/product"}],"wp:featuredmedia":[{"embeddable":true,"href":"https:\/\/engel-kunst.com\/en\/wp-json\/wp\/v2\/media\/53089"}],"wp:attachment":[{"href":"https:\/\/engel-kunst.com\/en\/wp-json\/wp\/v2\/media?parent=53088"}],"wp:term":[{"taxonomy":"product_brand","embeddable":true,"href":"https:\/\/engel-kunst.com\/en\/wp-json\/wp\/v2\/product_brand?post=53088"},{"taxonomy":"product_cat","embeddable":true,"href":"https:\/\/engel-kunst.com\/en\/wp-json\/wp\/v2\/product_cat?post=53088"},{"taxonomy":"product_tag","embeddable":true,"href":"https:\/\/engel-kunst.com\/en\/wp-json\/wp\/v2\/product_tag?post=53088"}],"curies":[{"name":"wp","href":"https:\/\/api.w.org\/{rel}","templated":true}]}}